{"id":833,"date":"2025-08-05T22:43:03","date_gmt":"2025-08-05T20:43:03","guid":{"rendered":"https:\/\/poulesoieclubdefrance.fr\/?page_id=833"},"modified":"2025-11-17T13:55:31","modified_gmt":"2025-11-17T12:55:31","slug":"la-poule-soie-blanche-tachetee-noire","status":"publish","type":"page","link":"https:\/\/poulesoieclubdefrance.fr\/index.php\/la-poule-soie-blanche-tachetee-noire\/","title":{"rendered":"La Poule Soie blanche tachet\u00e9e noire"},"content":{"rendered":"\n<h1 class=\"wp-block-heading has-text-align-center has-neve-link-hover-color-color has-text-color has-link-color wp-elements-c9e8d11a0011e4d63d0f26adecfd5ef3\">La Poule Soie blanche tachet\u00e9e noire<\/h1>\n\n\n\n<div style=\"height:20px\" aria-hidden=\"true\" class=\"wp-block-spacer\"><\/div>\n\n\n\n<div class=\"wp-block-columns box-shadow has-border-color is-layout-flex wp-container-core-columns-is-layout-e8d4300d wp-block-columns-is-layout-flex\" style=\"border-color:var(--nv-primary-accent);border-radius:10px;padding-top:15px;padding-right:5px;padding-bottom:15px;padding-left:5px\">\n<div class=\"wp-block-column is-layout-flow wp-block-column-is-layout-flow\" style=\"flex-basis:50%\">\n<div style=\"height:10px\" aria-hidden=\"true\" class=\"wp-block-spacer\"><\/div>\n\n\n<div class=\"wp-block-image img-shadow\">\n<figure class=\"aligncenter size-full is-resized has-custom-border\"><img loading=\"lazy\" decoding=\"async\" width=\"1107\" height=\"872\" src=\"https:\/\/poulesoieclubdefrance.fr\/wp-content\/uploads\/2025\/11\/IMG-20251113-WA0001-e1763384116264.jpg\" alt=\"poules coloris blanc tachet\u00e9 noir\" class=\"wp-image-1817\" style=\"border-radius:10px;width:340px;height:auto\" srcset=\"https:\/\/poulesoieclubdefrance.fr\/wp-content\/uploads\/2025\/11\/IMG-20251113-WA0001-e1763384116264.jpg 1107w, https:\/\/poulesoieclubdefrance.fr\/wp-content\/uploads\/2025\/11\/IMG-20251113-WA0001-e1763384116264-300x236.jpg 300w, https:\/\/poulesoieclubdefrance.fr\/wp-content\/uploads\/2025\/11\/IMG-20251113-WA0001-e1763384116264-1024x807.jpg 1024w, https:\/\/poulesoieclubdefrance.fr\/wp-content\/uploads\/2025\/11\/IMG-20251113-WA0001-e1763384116264-768x605.jpg 768w\" sizes=\"auto, (max-width: 1107px) 100vw, 1107px\" \/><\/figure>\n<\/div>\n\n\n<div style=\"height:27px\" aria-hidden=\"true\" class=\"wp-block-spacer\"><\/div>\n\n\n\n<div class=\"wp-block-buttons is-content-justification-center is-layout-flex wp-container-core-buttons-is-layout-16018d1d wp-block-buttons-is-layout-flex\">\n<div class=\"wp-block-button\"><a class=\"wp-block-button__link has-text-align-center wp-element-button\" href=\"https:\/\/poulesoieclubdefrance.fr\/index.php\/les-coloris\/\">Voir d&rsquo;autres coloris<\/a><\/div>\n<\/div>\n<\/div>\n\n\n\n<div class=\"wp-block-column is-layout-flow wp-block-column-is-layout-flow\" style=\"flex-basis:50%\">\n<h2 class=\"wp-block-heading has-nv-c-2-color has-text-color has-link-color wp-elements-01f643d60655c57a07628e5dee06c1ce\">Caract\u00e9ristiques<\/h2>\n\n\n\n<ul class=\"wp-block-list\">\n<li><strong>Peau<\/strong> : noire<\/li>\n\n\n\n<li><strong>Couleur<\/strong> : blanc tachet\u00e9 noir<\/li>\n\n\n\n<li><strong>Yeux<\/strong> : fonc\u00e9s<\/li>\n\n\n\n<li><strong>Oreillons<\/strong> : bleu turquoise<\/li>\n\n\n\n<li><strong>Poussins<\/strong> : blancs \u00e0 jaunes avec des t\u00e2ches noires<\/li>\n\n\n\n<li><strong>G\u00e8ne <\/strong>: \u00ab&nbsp;I&nbsp;\u00bb<\/li>\n<\/ul>\n<\/div>\n<\/div>\n\n\n\n<div class=\"wp-block-columns is-layout-flex wp-container-core-columns-is-layout-9d6595d7 wp-block-columns-is-layout-flex\">\n<div class=\"wp-block-column is-layout-flow wp-block-column-is-layout-flow\">\n<p>Anciennement appel\u00e9e \u00abpie\u00bb ou&nbsp; \u00ab&nbsp;dalmatien noir&nbsp;\u00bb, cette vari\u00e9t\u00e9 est d\u00e9sormais homologu\u00e9e sous le nom de \u00ab&nbsp;blanche tachet\u00e9 noir&nbsp;\u00bb qu\u2019on retrouvera souvent sous l\u2019abr\u00e9viation \u00ab&nbsp;BTN&nbsp;\u00bb. Il s\u2019agit d\u2019un croisement entre du blanc dominant et du noir. Le blanc dominant rappelons le, agit comme un masque sur les autres couleurs. Mais sous sa forme h\u00e9t\u00e9rozygote (impure), il laisse appara\u00eetre de fa\u00e7on al\u00e9atoire le noir qu\u2019il cache ce qui donne le dessin tachet\u00e9.&nbsp;<\/p>\n\n\n\n<p>La BTN est homologu\u00e9e en grande race depuis 2015 et en race naine depuis 2021.<\/p>\n\n\n\n<p>Rappel important&nbsp;!!&nbsp;<\/p>\n\n\n\n<p>Du blanc x du noir ne donne pas syst\u00e9matiquement du BTN car la plupart des Poule Soie blanches, en grande race comme en race naine, que nous avons dans nos poulaillers sont bas\u00e9es sur du blanc r\u00e9cessif, not\u00e9 \u00ab&nbsp;c&nbsp;\u00bb.<\/p>\n\n\n\n<p>Comme tout g\u00e8ne r\u00e9cessif, il ne s\u2019exprime que sous sa forme homozygote \u00ab&nbsp;c\/c&nbsp;\u00bb. C&rsquo;est-a-dire que le blanc n&rsquo;appara\u00eetra que si le g\u00e8ne a \u00e9t\u00e9 transmis par les deux parents. Dans ce cas, il agit comme un masque, et il cache compl\u00e8tement les autres couleurs qui pourraient \u00eatre pr\u00e9sentes sur le sujet. Ce sujet sera donc compl\u00e8tement blanc.<\/p>\n\n\n\n<p><strong>Rappel important&nbsp;!!&nbsp;<\/strong><\/p>\n\n\n\n<p>Du blanc x du noir ne donne pas syst\u00e9matiquement du BTN car la plupart des Poule Soie blanches, en grande race comme en race naine, que nous avons dans nos poulaillers sont bas\u00e9es sur du blanc r\u00e9cessif, not\u00e9 \u00ab&nbsp;c&nbsp;\u00bb.<\/p>\n\n\n\n<p>Comme tout g\u00e8ne r\u00e9cessif, il ne s\u2019exprime que sous sa forme homozygote \u00ab&nbsp;c\/c&nbsp;\u00bb. C&rsquo;est-a-dire que le blanc n&rsquo;appara\u00eetra que si le g\u00e8ne a \u00e9t\u00e9 transmis par les deux parents. Dans ce cas, il agit comme un masque, et il cache compl\u00e8tement les autres couleurs qui pourraient \u00eatre pr\u00e9sentes sur le sujet. Ce sujet sera donc compl\u00e8tement blanc.<\/p>\n\n\n\n<p>Si le g\u00e8ne \u00ab&nbsp;c&nbsp;\u00bb n\u2019a \u00e9t\u00e9 transmis au poussin que par un seul des deux parents, il sera pr\u00e9sent sous sa forme h\u00e9t\u00e9rozygote. Dans ce cas, le sujet sera simplement porteur de blanc r\u00e9cessif. Le blanc sera compl\u00e8tement cach\u00e9 et le sujet sera d\u2019une autre couleur.<\/p>\n\n\n\n<p><strong>Il est donc impossible d\u2019obtenir du Blanc Tachet\u00e9 Noir avec du blanc r\u00e9cessif.<\/strong><\/p>\n\n\n\n<p>Le g\u00e8ne responsable du BTN est le blanc dominant, note \u00ab&nbsp;I&nbsp;\u00bb. Il n\u2019a strictement rien \u00e0 voir avec le blanc r\u00e9cessif. Comme tout g\u00e8ne dominant, a partir du moment o\u00f9 il est pr\u00e9sent sur le sujet, il s\u2019exprime et il est donc visible. Dans ce cas, il y a deux solutions possibles :<\/p>\n\n\n\n<p>&#8211; Le g\u00e8ne \u00ab&nbsp;I&nbsp;\u00bb a \u00e9t\u00e9 transmis au poussin par ses deux parents, il est donc sous sa forme homozygote \u00ab&nbsp;I\/I&nbsp;\u00bb.<\/p>\n\n\n\n<p>Dans ce cas le sujet sera compl\u00e8tement blanc, aucune tache noire ne pourra apparaitre.<\/p>\n\n\n\n<p>&#8211; Le g\u00e8ne \u00ab&nbsp;I&nbsp;\u00bb n\u2019a \u00e9t\u00e9 transmis que par un seul des deux parents. Dans ce cas, le sujet sera blanc, mais laissera apparaitre quelques taches noires de fa\u00e7on al\u00e9atoires, ce qui forme le coloris BTN. Une des grandes difficult\u00e9s de ce coloris vient du caract\u00e8re al\u00e9atoire de ces taches.<\/p>\n\n\n<div class=\"wp-block-image\">\n<figure class=\"aligncenter size-full is-resized\"><img loading=\"lazy\" decoding=\"async\" width=\"557\" height=\"70\" src=\"https:\/\/poulesoieclubdefrance.fr\/wp-content\/uploads\/2025\/06\/poule-serie-trans.png\" alt=\"\" class=\"wp-image-408\" style=\"width:255px;height:auto\" srcset=\"https:\/\/poulesoieclubdefrance.fr\/wp-content\/uploads\/2025\/06\/poule-serie-trans.png 557w, https:\/\/poulesoieclubdefrance.fr\/wp-content\/uploads\/2025\/06\/poule-serie-trans-300x38.png 300w\" sizes=\"auto, (max-width: 557px) 100vw, 557px\" \/><\/figure>\n<\/div>\n\n\n<div style=\"height:35px\" aria-hidden=\"true\" class=\"wp-block-spacer\"><\/div>\n<\/div>\n<\/div>\n\n\n\n<div class=\"wp-block-columns fond-centre-plume box-shadow has-nv-c-1-background-color has-background is-layout-flex wp-container-core-columns-is-layout-9d6595d7 wp-block-columns-is-layout-flex\" style=\"border-radius:10px\">\n<div class=\"wp-block-column is-layout-flow wp-block-column-is-layout-flow\">\n<h2 class=\"wp-block-heading has-nv-c-2-color has-text-color has-link-color wp-elements-542bb9295770060e7249531eac5fa5de\">L&rsquo;adulte<\/h2>\n\n\n\n<div class=\"wp-block-columns is-layout-flex wp-container-core-columns-is-layout-9d6595d7 wp-block-columns-is-layout-flex\">\n<div class=\"wp-block-column is-layout-flow wp-block-column-is-layout-flow\">\n<p class=\"has-text-align-center has-neve-link-hover-color-color has-text-color has-link-color has-medium-font-size wp-elements-68d1b8eb6bcd58b2824e944a74b9b0ca\">La poule<\/p>\n\n\n<div class=\"wp-block-image img-shadow\">\n<figure class=\"aligncenter size-full is-resized has-custom-border\"><img loading=\"lazy\" decoding=\"async\" width=\"245\" height=\"288\" src=\"https:\/\/poulesoieclubdefrance.fr\/wp-content\/uploads\/2025\/09\/poule-btn-retouch-colori.png\" alt=\"\" class=\"wp-image-1326\" style=\"border-radius:10px;width:245px\"\/><\/figure>\n<\/div><\/div>\n\n\n\n<div class=\"wp-block-column is-layout-flow wp-block-column-is-layout-flow\">\n<p class=\"has-text-align-center has-neve-link-hover-color-color has-text-color has-link-color has-medium-font-size wp-elements-1fca6e071f8a47c9af95c5ad0888c9dc\">Le coq<\/p>\n\n\n<div class=\"wp-block-image img-shadow\">\n<figure class=\"aligncenter size-full is-resized has-custom-border\"><img loading=\"lazy\" decoding=\"async\" width=\"245\" height=\"288\" src=\"https:\/\/poulesoieclubdefrance.fr\/wp-content\/uploads\/2025\/09\/btn-coq-colori.jpg\" alt=\"\" class=\"wp-image-1425\" style=\"border-radius:10px;width:245px\"\/><\/figure>\n<\/div><\/div>\n<\/div>\n\n\n\n<p>L\u2019objectif recherch\u00e9 est d\u2019obtenir de jolies taches noires pures en nombre, en taille suffisante et surtout bien d\u00e9limit\u00e9es. Seule la s\u00e9lection des sujets les mieux dessin\u00e9s permet d\u2019am\u00e9liorer ce crit\u00e8re.<\/p>\n\n\n\n<p>Une autre difficult\u00e9 r\u00e9side parfois dans la pr\u00e9sence d\u2019un voile au niveau du camail et des \u00e9paules. La couleur de fond doit \u00eatre blanche unie et pure, sans reflet jaun\u00e2tre ou gris\u00e2tre. Ces d\u00e9fauts sont bien \u00e9videmment \u00e0 proscrire.&nbsp;<\/p>\n\n\n\n<p>Pour le reste, le standard est strictement identique aux autres vari\u00e9t\u00e9s de Poule Soie et sans aucune tol\u00e9rance. Que ce soit pour la couleur de la peau, des yeux ou des ornements notamment.&nbsp;<\/p>\n<\/div>\n<\/div>\n\n\n\n<div class=\"wp-block-columns is-layout-flex wp-container-core-columns-is-layout-9d6595d7 wp-block-columns-is-layout-flex\">\n<div class=\"wp-block-column is-layout-flow wp-block-column-is-layout-flow\"><div class=\"wp-block-image\">\n<figure class=\"aligncenter size-full is-resized\"><img loading=\"lazy\" decoding=\"async\" width=\"557\" height=\"70\" src=\"https:\/\/poulesoieclubdefrance.fr\/wp-content\/uploads\/2025\/06\/poule-serie-trans.png\" alt=\"\" class=\"wp-image-408\" style=\"width:255px\" srcset=\"https:\/\/poulesoieclubdefrance.fr\/wp-content\/uploads\/2025\/06\/poule-serie-trans.png 557w, https:\/\/poulesoieclubdefrance.fr\/wp-content\/uploads\/2025\/06\/poule-serie-trans-300x38.png 300w\" sizes=\"auto, (max-width: 557px) 100vw, 557px\" \/><\/figure>\n<\/div>\n\n\n<div style=\"height:35px\" aria-hidden=\"true\" class=\"wp-block-spacer\"><\/div>\n\n\n\n<h2 class=\"wp-block-heading has-nv-c-2-color has-text-color has-link-color wp-elements-8e817732d809d77d18e9179780f802ae\">Le poussin<\/h2>\n\n\n<div class=\"wp-block-image img-shadow\">\n<figure class=\"aligncenter size-full is-resized has-custom-border\"><img loading=\"lazy\" decoding=\"async\" width=\"298\" height=\"292\" src=\"https:\/\/poulesoieclubdefrance.fr\/wp-content\/uploads\/2025\/09\/poussins-btn-colori.png\" alt=\"\" class=\"wp-image-1328\" style=\"border-radius:10px;width:450px\"\/><\/figure>\n<\/div>\n\n\n<div style=\"height:30px\" aria-hidden=\"true\" class=\"wp-block-spacer\"><\/div>\n\n\n\n<p class=\"fond-poussin-bas-droite-petit-petit\">D\u00e8s la naissance on observe chez les poussins blanc tachet\u00e9 noir des t\u00e2ches noires et distinctes sur une base blanch\u00e2tre \u00e0 jaune. Leur pr\u00e9sence et leur situation permettent d\u00e9j\u00e0 d\u2019avoir une id\u00e9e approximative du nombre et de la taille des t\u00e2ches sur le sujet adulte.<\/p>\n\n\n<div class=\"wp-block-image\">\n<figure class=\"aligncenter size-full is-resized\"><img loading=\"lazy\" decoding=\"async\" width=\"557\" height=\"70\" src=\"https:\/\/poulesoieclubdefrance.fr\/wp-content\/uploads\/2025\/06\/poule-serie-trans.png\" alt=\"\" class=\"wp-image-408\" style=\"width:255px\" srcset=\"https:\/\/poulesoieclubdefrance.fr\/wp-content\/uploads\/2025\/06\/poule-serie-trans.png 557w, https:\/\/poulesoieclubdefrance.fr\/wp-content\/uploads\/2025\/06\/poule-serie-trans-300x38.png 300w\" sizes=\"auto, (max-width: 557px) 100vw, 557px\" \/><\/figure>\n<\/div>\n\n\n<div style=\"height:35px\" aria-hidden=\"true\" class=\"wp-block-spacer\"><\/div>\n<\/div>\n<\/div>\n\n\n\n<div class=\"wp-block-columns fond-bas-droite-nid box-shadow has-border-color is-layout-flex wp-container-core-columns-is-layout-195e6a4c wp-block-columns-is-layout-flex\" style=\"border-color:var(--nv-c-2);border-style:solid;border-radius:10px;padding-top:20px;padding-right:20px;padding-bottom:20px;padding-left:20px\">\n<div class=\"wp-block-column is-layout-flow wp-block-column-is-layout-flow\">\n<h2 class=\"wp-block-heading has-nv-c-2-color has-text-color has-link-color wp-elements-c4f625ef44ef00eb150b0e21d9bf0fa4\">Les d\u00e9fauts<\/h2>\n\n\n\n<p><strong>Trace d\u2019autres couleurs dans le plumage. Pr\u00e9sence d&rsquo;un voile au niveau du camail ou des \u00e9paules.<\/strong><\/p>\n<\/div>\n<\/div>\n","protected":false},"excerpt":{"rendered":"<p>La Poule Soie blanche tachet\u00e9e noire Caract\u00e9ristiques Anciennement appel\u00e9e \u00abpie\u00bb ou&nbsp; \u00ab&nbsp;dalmatien noir&nbsp;\u00bb, cette vari\u00e9t\u00e9 est d\u00e9sormais homologu\u00e9e sous le nom de \u00ab&nbsp;blanche tachet\u00e9 noir&nbsp;\u00bb qu\u2019on retrouvera souvent sous l\u2019abr\u00e9viation&hellip;&nbsp;<a href=\"https:\/\/poulesoieclubdefrance.fr\/index.php\/la-poule-soie-blanche-tachetee-noire\/\" rel=\"bookmark\"><span class=\"screen-reader-text\">La Poule Soie blanche tachet\u00e9e noire<\/span><\/a><\/p>\n","protected":false},"author":3,"featured_media":0,"parent":0,"menu_order":0,"comment_status":"closed","ping_status":"closed","template":"","meta":{"neve_meta_sidebar":"","neve_meta_container":"","neve_meta_enable_content_width":"","neve_meta_content_width":0,"neve_meta_title_alignment":"","neve_meta_author_avatar":"","neve_post_elements_order":"","neve_meta_disable_header":"","neve_meta_disable_footer":"","neve_meta_disable_title":"on","footnotes":""},"class_list":["post-833","page","type-page","status-publish","hentry"],"_links":{"self":[{"href":"https:\/\/poulesoieclubdefrance.fr\/index.php\/wp-json\/wp\/v2\/pages\/833","targetHints":{"allow":["GET"]}}],"collection":[{"href":"https:\/\/poulesoieclubdefrance.fr\/index.php\/wp-json\/wp\/v2\/pages"}],"about":[{"href":"https:\/\/poulesoieclubdefrance.fr\/index.php\/wp-json\/wp\/v2\/types\/page"}],"author":[{"embeddable":true,"href":"https:\/\/poulesoieclubdefrance.fr\/index.php\/wp-json\/wp\/v2\/users\/3"}],"replies":[{"embeddable":true,"href":"https:\/\/poulesoieclubdefrance.fr\/index.php\/wp-json\/wp\/v2\/comments?post=833"}],"version-history":[{"count":7,"href":"https:\/\/poulesoieclubdefrance.fr\/index.php\/wp-json\/wp\/v2\/pages\/833\/revisions"}],"predecessor-version":[{"id":1819,"href":"https:\/\/poulesoieclubdefrance.fr\/index.php\/wp-json\/wp\/v2\/pages\/833\/revisions\/1819"}],"wp:attachment":[{"href":"https:\/\/poulesoieclubdefrance.fr\/index.php\/wp-json\/wp\/v2\/media?parent=833"}],"curies":[{"name":"wp","href":"https:\/\/api.w.org\/{rel}","templated":true}]}}