{"id":813,"date":"2025-08-05T22:55:18","date_gmt":"2025-08-05T20:55:18","guid":{"rendered":"https:\/\/poulesoieclubdefrance.fr\/?page_id=813"},"modified":"2025-10-26T20:27:30","modified_gmt":"2025-10-26T19:27:30","slug":"la-poule-soie-perdrix-argentee","status":"publish","type":"page","link":"https:\/\/poulesoieclubdefrance.fr\/index.php\/la-poule-soie-perdrix-argentee\/","title":{"rendered":"La Poule Soie perdrix argent\u00e9e"},"content":{"rendered":"\n<h1 class=\"wp-block-heading has-text-align-center has-neve-link-hover-color-color has-text-color has-link-color wp-elements-914097b99138534f1c415016c3598458\">La Poule Soie perdrix argent\u00e9e<\/h1>\n\n\n\n<div style=\"height:20px\" aria-hidden=\"true\" class=\"wp-block-spacer\"><\/div>\n\n\n\n<div class=\"wp-block-columns box-shadow has-border-color is-layout-flex wp-container-core-columns-is-layout-e8d4300d wp-block-columns-is-layout-flex\" style=\"border-color:var(--nv-primary-accent);border-radius:10px;padding-top:15px;padding-right:5px;padding-bottom:15px;padding-left:5px\">\n<div class=\"wp-block-column is-layout-flow wp-block-column-is-layout-flow\" style=\"flex-basis:50%\">\n<div style=\"height:10px\" aria-hidden=\"true\" class=\"wp-block-spacer\"><\/div>\n\n\n<div class=\"wp-block-image img-shadow\">\n<figure class=\"aligncenter size-full is-resized has-custom-border\"><img loading=\"lazy\" decoding=\"async\" width=\"380\" height=\"254\" src=\"https:\/\/poulesoieclubdefrance.fr\/wp-content\/uploads\/2025\/07\/poule-coq-perdrix-argente-retouch.png\" alt=\"\" class=\"wp-image-619\" style=\"border-radius:10px;width:340px;height:auto\" srcset=\"https:\/\/poulesoieclubdefrance.fr\/wp-content\/uploads\/2025\/07\/poule-coq-perdrix-argente-retouch.png 380w, https:\/\/poulesoieclubdefrance.fr\/wp-content\/uploads\/2025\/07\/poule-coq-perdrix-argente-retouch-300x201.png 300w\" sizes=\"auto, (max-width: 380px) 100vw, 380px\" \/><\/figure>\n<\/div>\n\n\n<div style=\"height:27px\" aria-hidden=\"true\" class=\"wp-block-spacer\"><\/div>\n\n\n\n<div class=\"wp-block-buttons is-content-justification-center is-layout-flex wp-container-core-buttons-is-layout-16018d1d wp-block-buttons-is-layout-flex\">\n<div class=\"wp-block-button\"><a class=\"wp-block-button__link has-text-align-center wp-element-button\" href=\"https:\/\/poulesoieclubdefrance.fr\/index.php\/les-coloris\/\">Voir d&rsquo;autres coloris<\/a><\/div>\n<\/div>\n<\/div>\n\n\n\n<div class=\"wp-block-column is-layout-flow wp-block-column-is-layout-flow\" style=\"flex-basis:50%\">\n<h2 class=\"wp-block-heading has-nv-c-2-color has-text-color has-link-color wp-elements-01f643d60655c57a07628e5dee06c1ce\">Caract\u00e9ristiques<\/h2>\n\n\n\n<ul class=\"wp-block-list\">\n<li><strong>Peau<\/strong> : noire<\/li>\n\n\n\n<li><strong>Couleur<\/strong> : gris \u00e0 gris fonc\u00e9 marqu\u00e9 d&rsquo;argent\u00e9<\/li>\n\n\n\n<li><strong>Yeux<\/strong> : fonc\u00e9s<\/li>\n\n\n\n<li><strong>Oreillons<\/strong> : bleu turquoise<\/li>\n\n\n\n<li><strong>Poussins<\/strong> : gris avec marques noires sur le dos<\/li>\n\n\n\n<li><strong>G\u00e8ne <\/strong>: \u00ab&nbsp;eb&nbsp;\u00bb<\/li>\n<\/ul>\n<\/div>\n<\/div>\n\n\n\n<div class=\"wp-block-columns is-layout-flex wp-container-core-columns-is-layout-9d6595d7 wp-block-columns-is-layout-flex\">\n<div class=\"wp-block-column is-layout-flow wp-block-column-is-layout-flow\">\n<p>Les vari\u00e9t\u00e9s perdrix dor\u00e9e et perdrix argent\u00e9e sont de la m\u00eame famille g\u00e9n\u00e9tique (base perdrix \u00abeb&nbsp;\u00bb).  Dans la vari\u00e9t\u00e9 perdrix, la poule et le coq ont des couleurs diff\u00e9rentes. On appelle cela un dimorphisme sexuel. <\/p>\n\n\n\n<p>Le croisement entre ces deux vari\u00e9t\u00e9s est possible. Dans ce cas on obtiendra toujours soit des poules perdrix dor\u00e9es, soit des poules perdrix argent\u00e9es (en fonction de la couleur du coq). En revanche, les coqs obtenus ne seront pas d\u2019un coloris \u00ab&nbsp;pur&nbsp;\u00bb et seront dits \u00ab&nbsp;interm\u00e9diaires&nbsp;\u00bb. Les poussins des vari\u00e9t\u00e9s perdrix sont facilement rep\u00e9rables \u00e0 leurs rayures<\/p>\n\n\n<div class=\"wp-block-image\">\n<figure class=\"aligncenter size-full is-resized\"><img loading=\"lazy\" decoding=\"async\" width=\"557\" height=\"70\" src=\"https:\/\/poulesoieclubdefrance.fr\/wp-content\/uploads\/2025\/06\/poule-serie-trans.png\" alt=\"\" class=\"wp-image-408\" style=\"width:255px;height:auto\" srcset=\"https:\/\/poulesoieclubdefrance.fr\/wp-content\/uploads\/2025\/06\/poule-serie-trans.png 557w, https:\/\/poulesoieclubdefrance.fr\/wp-content\/uploads\/2025\/06\/poule-serie-trans-300x38.png 300w\" sizes=\"auto, (max-width: 557px) 100vw, 557px\" \/><\/figure>\n<\/div>\n\n\n<div style=\"height:35px\" aria-hidden=\"true\" class=\"wp-block-spacer\"><\/div>\n<\/div>\n<\/div>\n\n\n\n<div class=\"wp-block-columns fond-centre-plume box-shadow has-nv-c-1-background-color has-background is-layout-flex wp-container-core-columns-is-layout-9d6595d7 wp-block-columns-is-layout-flex\" style=\"border-radius:10px\">\n<div class=\"wp-block-column is-layout-flow wp-block-column-is-layout-flow\">\n<h2 class=\"wp-block-heading has-nv-c-2-color has-text-color has-link-color wp-elements-542bb9295770060e7249531eac5fa5de\">L&rsquo;adulte<\/h2>\n\n\n\n<div class=\"wp-block-columns is-layout-flex wp-container-core-columns-is-layout-9d6595d7 wp-block-columns-is-layout-flex\">\n<div class=\"wp-block-column is-layout-flow wp-block-column-is-layout-flow\">\n<p class=\"has-text-align-center has-neve-link-hover-color-color has-text-color has-link-color has-medium-font-size wp-elements-68d1b8eb6bcd58b2824e944a74b9b0ca\">La poule<\/p>\n\n\n<div class=\"wp-block-image img-shadow\">\n<figure class=\"aligncenter size-full has-custom-border\"><img loading=\"lazy\" decoding=\"async\" width=\"260\" height=\"288\" src=\"https:\/\/poulesoieclubdefrance.fr\/wp-content\/uploads\/2025\/09\/perdrix-argente-non-barbue-colori.jpg\" alt=\"\" class=\"wp-image-1364\" style=\"border-radius:10px;object-fit:cover\"\/><\/figure>\n<\/div><\/div>\n\n\n\n<div class=\"wp-block-column is-layout-flow wp-block-column-is-layout-flow\">\n<p class=\"has-text-align-center has-neve-link-hover-color-color has-text-color has-link-color has-medium-font-size wp-elements-1fca6e071f8a47c9af95c5ad0888c9dc\">Le coq<\/p>\n\n\n<div class=\"wp-block-image img-shadow\">\n<figure class=\"aligncenter size-full has-custom-border\"><img loading=\"lazy\" decoding=\"async\" width=\"245\" height=\"288\" src=\"https:\/\/poulesoieclubdefrance.fr\/wp-content\/uploads\/2025\/09\/coq-perdrix-argente-colori.png\" alt=\"\" class=\"wp-image-1361\" style=\"border-radius:10px;object-fit:cover\"\/><\/figure>\n<\/div><\/div>\n<\/div>\n\n\n\n<p>La poule perdrix argent\u00e9e a la t\u00eate, la huppe et la barbe grise \u00e0 grise fonc\u00e9e. Le camail et la poitrine sont gris marqu\u00e9 d\u2019argent\u00e9 sans dessin organis\u00e9. Le dos et la couverture des ailes sont gris avec un l\u00e9ger poivrage. La queue, le ventre, les cuisses et les plumes des tarses sont gris fonc\u00e9. Les r\u00e9miges sont gris fonc\u00e9 l\u00e9g\u00e8rement marqu\u00e9es de dessins argent\u00e9s non organis\u00e9s.<\/p>\n\n\n\n<p>Le coq a la t\u00eate, la huppe et la barbe brun\/noir\u00e2tre. Le camail, le dos et les lancettes sont rouge orang\u00e9 flamm\u00e9 de noir. La poitrine est noire, quelques taches brunes sont tol\u00e9r\u00e9es. Les \u00e9paules sont brun rouge\u00e2tre. La queue et les r\u00e9miges primaires sont noires. Les r\u00e9miges secondaires sont noires avec barbes externes brunes formant un miroir. L\u2019abdomen, les cuisses et les plumes des tarses sont brun noir\u00e2tre. Le sous plumage est gris.<\/p>\n<\/div>\n<\/div>\n\n\n\n<div class=\"wp-block-columns is-layout-flex wp-container-core-columns-is-layout-9d6595d7 wp-block-columns-is-layout-flex\">\n<div class=\"wp-block-column is-layout-flow wp-block-column-is-layout-flow\"><div class=\"wp-block-image\">\n<figure class=\"aligncenter size-full is-resized\"><img loading=\"lazy\" decoding=\"async\" width=\"557\" height=\"70\" src=\"https:\/\/poulesoieclubdefrance.fr\/wp-content\/uploads\/2025\/06\/poule-serie-trans.png\" alt=\"\" class=\"wp-image-408\" style=\"width:255px\" srcset=\"https:\/\/poulesoieclubdefrance.fr\/wp-content\/uploads\/2025\/06\/poule-serie-trans.png 557w, https:\/\/poulesoieclubdefrance.fr\/wp-content\/uploads\/2025\/06\/poule-serie-trans-300x38.png 300w\" sizes=\"auto, (max-width: 557px) 100vw, 557px\" \/><\/figure>\n<\/div>\n\n\n<div style=\"height:35px\" aria-hidden=\"true\" class=\"wp-block-spacer\"><\/div>\n\n\n\n<h2 class=\"wp-block-heading has-nv-c-2-color has-text-color has-link-color wp-elements-8e817732d809d77d18e9179780f802ae\">Le poussin<\/h2>\n\n\n<div class=\"wp-block-image img-shadow\">\n<figure class=\"aligncenter size-full is-resized has-custom-border\"><img loading=\"lazy\" decoding=\"async\" width=\"476\" height=\"431\" src=\"https:\/\/poulesoieclubdefrance.fr\/wp-content\/uploads\/2025\/09\/poussin-perdrix-argente.png\" alt=\"\" class=\"wp-image-1360\" style=\"border-radius:10px;width:450px\" srcset=\"https:\/\/poulesoieclubdefrance.fr\/wp-content\/uploads\/2025\/09\/poussin-perdrix-argente.png 476w, https:\/\/poulesoieclubdefrance.fr\/wp-content\/uploads\/2025\/09\/poussin-perdrix-argente-300x272.png 300w\" sizes=\"auto, (max-width: 476px) 100vw, 476px\" \/><\/figure>\n<\/div>\n\n\n<div style=\"height:30px\" aria-hidden=\"true\" class=\"wp-block-spacer\"><\/div>\n\n\n\n<p class=\"fond-poussin-bas-droite-petit-petit\">Les poussins naissent d\u2019une couleur grise avec des marques noires sur le dos. Ils ressemblent aux perdrix dor\u00e9e mais dans des teintes plus ternes et gris\u00e2tres sans reflets dor\u00e9s et sans bandes de couleur rousses et \/ou marrons sur le dos.<\/p>\n\n\n<div class=\"wp-block-image\">\n<figure class=\"aligncenter size-full is-resized\"><img loading=\"lazy\" decoding=\"async\" width=\"557\" height=\"70\" src=\"https:\/\/poulesoieclubdefrance.fr\/wp-content\/uploads\/2025\/06\/poule-serie-trans.png\" alt=\"\" class=\"wp-image-408\" style=\"width:255px\" srcset=\"https:\/\/poulesoieclubdefrance.fr\/wp-content\/uploads\/2025\/06\/poule-serie-trans.png 557w, https:\/\/poulesoieclubdefrance.fr\/wp-content\/uploads\/2025\/06\/poule-serie-trans-300x38.png 300w\" sizes=\"auto, (max-width: 557px) 100vw, 557px\" \/><\/figure>\n<\/div>\n\n\n<div style=\"height:35px\" aria-hidden=\"true\" class=\"wp-block-spacer\"><\/div>\n<\/div>\n<\/div>\n\n\n\n<div class=\"wp-block-columns fond-bas-droite-nid box-shadow has-border-color is-layout-flex wp-container-core-columns-is-layout-195e6a4c wp-block-columns-is-layout-flex\" style=\"border-color:var(--nv-c-2);border-style:solid;border-radius:10px;padding-top:20px;padding-right:20px;padding-bottom:20px;padding-left:20px\">\n<div class=\"wp-block-column is-layout-flow wp-block-column-is-layout-flow\">\n<h2 class=\"wp-block-heading has-nv-c-2-color has-text-color has-link-color wp-elements-c4f625ef44ef00eb150b0e21d9bf0fa4\">Les d\u00e9fauts<\/h2>\n\n\n\n<p><strong><strong>Poule : camail enti\u00e8rement blanc&nbsp;; coloris trop clair ou trop fonc\u00e9.<\/strong><\/strong><\/p>\n\n\n\n<p><strong>Coq : poitrine dessin\u00e9e&nbsp;; coloris d\u2019ensemble trop clair ou trop fonc\u00e9.<\/strong><\/p>\n<\/div>\n<\/div>\n","protected":false},"excerpt":{"rendered":"<p>La Poule Soie perdrix argent\u00e9e Caract\u00e9ristiques Les vari\u00e9t\u00e9s perdrix dor\u00e9e et perdrix argent\u00e9e sont de la m\u00eame famille g\u00e9n\u00e9tique (base perdrix \u00abeb&nbsp;\u00bb). Dans la vari\u00e9t\u00e9 perdrix, la poule et le&hellip;&nbsp;<a href=\"https:\/\/poulesoieclubdefrance.fr\/index.php\/la-poule-soie-perdrix-argentee\/\" rel=\"bookmark\"><span class=\"screen-reader-text\">La Poule Soie perdrix argent\u00e9e<\/span><\/a><\/p>\n","protected":false},"author":3,"featured_media":0,"parent":0,"menu_order":0,"comment_status":"closed","ping_status":"closed","template":"","meta":{"neve_meta_sidebar":"","neve_meta_container":"","neve_meta_enable_content_width":"","neve_meta_content_width":0,"neve_meta_title_alignment":"","neve_meta_author_avatar":"","neve_post_elements_order":"","neve_meta_disable_header":"","neve_meta_disable_footer":"","neve_meta_disable_title":"on","footnotes":""},"class_list":["post-813","page","type-page","status-publish","hentry"],"_links":{"self":[{"href":"https:\/\/poulesoieclubdefrance.fr\/index.php\/wp-json\/wp\/v2\/pages\/813","targetHints":{"allow":["GET"]}}],"collection":[{"href":"https:\/\/poulesoieclubdefrance.fr\/index.php\/wp-json\/wp\/v2\/pages"}],"about":[{"href":"https:\/\/poulesoieclubdefrance.fr\/index.php\/wp-json\/wp\/v2\/types\/page"}],"author":[{"embeddable":true,"href":"https:\/\/poulesoieclubdefrance.fr\/index.php\/wp-json\/wp\/v2\/users\/3"}],"replies":[{"embeddable":true,"href":"https:\/\/poulesoieclubdefrance.fr\/index.php\/wp-json\/wp\/v2\/comments?post=813"}],"version-history":[{"count":7,"href":"https:\/\/poulesoieclubdefrance.fr\/index.php\/wp-json\/wp\/v2\/pages\/813\/revisions"}],"predecessor-version":[{"id":1365,"href":"https:\/\/poulesoieclubdefrance.fr\/index.php\/wp-json\/wp\/v2\/pages\/813\/revisions\/1365"}],"wp:attachment":[{"href":"https:\/\/poulesoieclubdefrance.fr\/index.php\/wp-json\/wp\/v2\/media?parent=813"}],"curies":[{"name":"wp","href":"https:\/\/api.w.org\/{rel}","templated":true}]}}