{"id":782,"date":"2025-08-05T22:57:30","date_gmt":"2025-08-05T20:57:30","guid":{"rendered":"https:\/\/poulesoieclubdefrance.fr\/?page_id=782"},"modified":"2025-11-11T18:09:05","modified_gmt":"2025-11-11T17:09:05","slug":"la-poule-soie-splash","status":"publish","type":"page","link":"https:\/\/poulesoieclubdefrance.fr\/index.php\/la-poule-soie-splash\/","title":{"rendered":"La Poule Soie splash"},"content":{"rendered":"\n<h1 class=\"wp-block-heading has-text-align-center has-neve-link-hover-color-color has-text-color has-link-color wp-elements-a886f09a016cf09ace0e4337dbf51b1c\">La Poule Soie splash<\/h1>\n\n\n\n<div style=\"height:20px\" aria-hidden=\"true\" class=\"wp-block-spacer\"><\/div>\n\n\n\n<div class=\"wp-block-columns box-shadow has-border-color is-layout-flex wp-container-core-columns-is-layout-e8d4300d wp-block-columns-is-layout-flex\" style=\"border-color:var(--nv-primary-accent);border-radius:10px;padding-top:15px;padding-right:5px;padding-bottom:15px;padding-left:5px\">\n<div class=\"wp-block-column is-layout-flow wp-block-column-is-layout-flow\" style=\"flex-basis:50%\">\n<div style=\"height:10px\" aria-hidden=\"true\" class=\"wp-block-spacer\"><\/div>\n\n\n<div class=\"wp-block-image img-shadow\">\n<figure class=\"aligncenter size-full is-resized has-custom-border\"><img loading=\"lazy\" decoding=\"async\" width=\"380\" height=\"254\" src=\"https:\/\/poulesoieclubdefrance.fr\/wp-content\/uploads\/2025\/07\/poule-coq-splash.jpeg\" alt=\"\" class=\"wp-image-793\" style=\"border-radius:10px;width:340px;height:auto\" srcset=\"https:\/\/poulesoieclubdefrance.fr\/wp-content\/uploads\/2025\/07\/poule-coq-splash.jpeg 380w, https:\/\/poulesoieclubdefrance.fr\/wp-content\/uploads\/2025\/07\/poule-coq-splash-300x201.jpeg 300w\" sizes=\"auto, (max-width: 380px) 100vw, 380px\" \/><\/figure>\n<\/div>\n\n\n<div style=\"height:27px\" aria-hidden=\"true\" class=\"wp-block-spacer\"><\/div>\n\n\n\n<div class=\"wp-block-buttons is-content-justification-center is-layout-flex wp-container-core-buttons-is-layout-16018d1d wp-block-buttons-is-layout-flex\">\n<div class=\"wp-block-button\"><a class=\"wp-block-button__link has-text-align-center wp-element-button\" href=\"https:\/\/poulesoieclubdefrance.fr\/index.php\/les-coloris\/\">Voir d&rsquo;autres coloris<\/a><\/div>\n<\/div>\n<\/div>\n\n\n\n<div class=\"wp-block-column is-layout-flow wp-block-column-is-layout-flow\" style=\"flex-basis:50%\">\n<h2 class=\"wp-block-heading has-nv-c-2-color has-text-color has-link-color wp-elements-01f643d60655c57a07628e5dee06c1ce\">Caract\u00e9ristiques<\/h2>\n\n\n\n<ul class=\"wp-block-list\">\n<li><strong>Peau<\/strong> : noire<\/li>\n\n\n\n<li><strong>Couleur<\/strong> : fond gris clair avec des taches bleues<\/li>\n\n\n\n<li><strong>Yeux<\/strong> : fonc\u00e9s<\/li>\n\n\n\n<li><strong>Oreillons<\/strong> : bleu turquoise<\/li>\n\n\n\n<li><strong>Poussins<\/strong> : blanch\u00e2tre \u00e0  gris-clair<\/li>\n\n\n\n<li><strong>G\u00e8ne <\/strong>: \u00ab&nbsp;Bl&nbsp;\u00bb<\/li>\n<\/ul>\n<\/div>\n<\/div>\n\n\n\n<div class=\"wp-block-columns is-layout-flex wp-container-core-columns-is-layout-9d6595d7 wp-block-columns-is-layout-flex\">\n<div class=\"wp-block-column is-layout-flow wp-block-column-is-layout-flow\">\n<p>La Poule Soie splash, anciennement appel\u00e9e \u00ab&nbsp;blanc sale&nbsp;\u00bb est de la m\u00eame famille g\u00e9n\u00e9tique que la vari\u00e9t\u00e9 noire et que la vari\u00e9t\u00e9 bleue puisqu&rsquo;elle est obtenue par une \u00ab&nbsp;double dilution&nbsp;\u00bb du noir par le g\u00e8ne Bl. La premi\u00e8re dilution du noir par ce g\u00e8ne donne des sujets bleus (h\u00e9t\u00e9rozygotes) et c\u2019est lors de la deuxi\u00e8me dilution&nbsp; (bleu \/ bleu ou splash \/splash) que l\u2019on obtient des sujets splash (homozygotes).<\/p>\n\n\n\n<p>La couleur splash se compose d\u2019un fond gris tr\u00e8s clair sur lequel sont pos\u00e9es, de fa\u00e7on al\u00e9atoire, des taches gris \/ bleu plus ou moins marqu\u00e9es et plus ou moins fonc\u00e9es.<\/p>\n\n\n<div class=\"wp-block-image\">\n<figure class=\"aligncenter size-full is-resized\"><img loading=\"lazy\" decoding=\"async\" width=\"557\" height=\"70\" src=\"https:\/\/poulesoieclubdefrance.fr\/wp-content\/uploads\/2025\/06\/poule-serie-trans.png\" alt=\"\" class=\"wp-image-408\" style=\"width:255px;height:auto\" srcset=\"https:\/\/poulesoieclubdefrance.fr\/wp-content\/uploads\/2025\/06\/poule-serie-trans.png 557w, https:\/\/poulesoieclubdefrance.fr\/wp-content\/uploads\/2025\/06\/poule-serie-trans-300x38.png 300w\" sizes=\"auto, (max-width: 557px) 100vw, 557px\" \/><\/figure>\n<\/div>\n\n\n<div style=\"height:35px\" aria-hidden=\"true\" class=\"wp-block-spacer\"><\/div>\n<\/div>\n<\/div>\n\n\n\n<div class=\"wp-block-columns fond-centre-plume box-shadow has-nv-c-1-background-color has-background is-layout-flex wp-container-core-columns-is-layout-9d6595d7 wp-block-columns-is-layout-flex\" style=\"border-radius:10px\">\n<div class=\"wp-block-column is-layout-flow wp-block-column-is-layout-flow\">\n<h2 class=\"wp-block-heading has-nv-c-2-color has-text-color has-link-color wp-elements-542bb9295770060e7249531eac5fa5de\">L&rsquo;adulte<\/h2>\n\n\n\n<div class=\"wp-block-columns is-layout-flex wp-container-core-columns-is-layout-9d6595d7 wp-block-columns-is-layout-flex\">\n<div class=\"wp-block-column is-layout-flow wp-block-column-is-layout-flow\">\n<p class=\"has-text-align-center has-neve-link-hover-color-color has-text-color has-link-color has-medium-font-size wp-elements-68d1b8eb6bcd58b2824e944a74b9b0ca\">La poule<\/p>\n\n\n<div class=\"wp-block-image img-shadow\">\n<figure class=\"aligncenter size-full is-resized has-custom-border\"><img loading=\"lazy\" decoding=\"async\" width=\"245\" height=\"288\" src=\"https:\/\/poulesoieclubdefrance.fr\/wp-content\/uploads\/2025\/07\/poule-splash-retouch-1.png\" alt=\"\" class=\"wp-image-794\" style=\"border-radius:10px;width:245px\"\/><\/figure>\n<\/div><\/div>\n\n\n\n<div class=\"wp-block-column is-layout-flow wp-block-column-is-layout-flow\">\n<p class=\"has-text-align-center has-neve-link-hover-color-color has-text-color has-link-color has-medium-font-size wp-elements-1fca6e071f8a47c9af95c5ad0888c9dc\">Le coq<\/p>\n\n\n<div class=\"wp-block-image img-shadow\">\n<figure class=\"aligncenter size-full is-resized has-custom-border\"><img loading=\"lazy\" decoding=\"async\" width=\"245\" height=\"288\" src=\"https:\/\/poulesoieclubdefrance.fr\/wp-content\/uploads\/2025\/07\/coq-splash.jpg\" alt=\"\" class=\"wp-image-792\" style=\"border-radius:10px;width:245px\"\/><\/figure>\n<\/div><\/div>\n<\/div>\n\n\n\n<p>La couleur splash se compose d\u2019un fond gris tr\u00e8s clair sur lequel sont pos\u00e9es, de fa\u00e7on al\u00e9atoire, des taches gris \/ bleu plus ou moins marqu\u00e9es et plus ou moins fonc\u00e9es.<\/p>\n<\/div>\n<\/div>\n\n\n\n<div class=\"wp-block-columns is-layout-flex wp-container-core-columns-is-layout-9d6595d7 wp-block-columns-is-layout-flex\">\n<div class=\"wp-block-column is-layout-flow wp-block-column-is-layout-flow\"><div class=\"wp-block-image\">\n<figure class=\"aligncenter size-full is-resized\"><img loading=\"lazy\" decoding=\"async\" width=\"557\" height=\"70\" src=\"https:\/\/poulesoieclubdefrance.fr\/wp-content\/uploads\/2025\/06\/poule-serie-trans.png\" alt=\"\" class=\"wp-image-408\" style=\"width:255px\" srcset=\"https:\/\/poulesoieclubdefrance.fr\/wp-content\/uploads\/2025\/06\/poule-serie-trans.png 557w, https:\/\/poulesoieclubdefrance.fr\/wp-content\/uploads\/2025\/06\/poule-serie-trans-300x38.png 300w\" sizes=\"auto, (max-width: 557px) 100vw, 557px\" \/><\/figure>\n<\/div>\n\n\n<div style=\"height:35px\" aria-hidden=\"true\" class=\"wp-block-spacer\"><\/div>\n\n\n\n<h2 class=\"wp-block-heading has-nv-c-2-color has-text-color has-link-color wp-elements-8e817732d809d77d18e9179780f802ae\">Le poussin<\/h2>\n\n\n<div class=\"wp-block-image img-shadow\">\n<figure class=\"aligncenter size-full is-resized has-custom-border\"><img loading=\"lazy\" decoding=\"async\" width=\"550\" height=\"390\" src=\"https:\/\/poulesoieclubdefrance.fr\/wp-content\/uploads\/2025\/09\/IMG-20250925-WA0000-e1759144704610.jpg\" alt=\"\" class=\"wp-image-1431\" style=\"border-radius:10px;width:450px\" srcset=\"https:\/\/poulesoieclubdefrance.fr\/wp-content\/uploads\/2025\/09\/IMG-20250925-WA0000-e1759144704610.jpg 550w, https:\/\/poulesoieclubdefrance.fr\/wp-content\/uploads\/2025\/09\/IMG-20250925-WA0000-e1759144704610-300x213.jpg 300w\" sizes=\"auto, (max-width: 550px) 100vw, 550px\" \/><\/figure>\n<\/div>\n\n\n<div style=\"height:30px\" aria-hidden=\"true\" class=\"wp-block-spacer\"><\/div>\n\n\n\n<p class=\"fond-poussin-bas-droite-petit-petit\">Les poussins Poule Soie splash naissent d\u2019une couleur blanch\u00e2tre \u00e0 gris clair. Dans certains cas, il peut \u00eatre possible de les confondre \u00e0 la naissance avec des poussins bleu clair ou gris perle. La peau, les yeux, le bec et les ornements seront noirs.<\/p>\n\n\n<div class=\"wp-block-image\">\n<figure class=\"aligncenter size-full is-resized\"><img loading=\"lazy\" decoding=\"async\" width=\"557\" height=\"70\" src=\"https:\/\/poulesoieclubdefrance.fr\/wp-content\/uploads\/2025\/06\/poule-serie-trans.png\" alt=\"\" class=\"wp-image-408\" style=\"width:255px\" srcset=\"https:\/\/poulesoieclubdefrance.fr\/wp-content\/uploads\/2025\/06\/poule-serie-trans.png 557w, https:\/\/poulesoieclubdefrance.fr\/wp-content\/uploads\/2025\/06\/poule-serie-trans-300x38.png 300w\" sizes=\"auto, (max-width: 557px) 100vw, 557px\" \/><\/figure>\n<\/div>\n\n\n<div style=\"height:35px\" aria-hidden=\"true\" class=\"wp-block-spacer\"><\/div>\n<\/div>\n<\/div>\n\n\n\n<div class=\"wp-block-columns fond-bas-droite-nid box-shadow has-border-color is-layout-flex wp-container-core-columns-is-layout-195e6a4c wp-block-columns-is-layout-flex\" style=\"border-color:var(--nv-c-2);border-style:solid;border-radius:10px;padding-top:20px;padding-right:20px;padding-bottom:20px;padding-left:20px\">\n<div class=\"wp-block-column is-layout-flow wp-block-column-is-layout-flow\">\n<h2 class=\"wp-block-heading has-nv-c-2-color has-text-color has-link-color wp-elements-c4f625ef44ef00eb150b0e21d9bf0fa4\">Les d\u00e9fauts<\/h2>\n\n\n\n<p><strong><strong><strong>Camail du coq trop fonc\u00e9, froment dans les parures, plumes d\u2019autres couleurs<\/strong><\/strong><\/strong><\/p>\n<\/div>\n<\/div>\n","protected":false},"excerpt":{"rendered":"<p>La Poule Soie splash Caract\u00e9ristiques La Poule Soie splash, anciennement appel\u00e9e \u00ab&nbsp;blanc sale&nbsp;\u00bb est de la m\u00eame famille g\u00e9n\u00e9tique que la vari\u00e9t\u00e9 noire et que la vari\u00e9t\u00e9 bleue puisqu&rsquo;elle est&hellip;&nbsp;<a href=\"https:\/\/poulesoieclubdefrance.fr\/index.php\/la-poule-soie-splash\/\" rel=\"bookmark\"><span class=\"screen-reader-text\">La Poule Soie splash<\/span><\/a><\/p>\n","protected":false},"author":3,"featured_media":0,"parent":0,"menu_order":0,"comment_status":"closed","ping_status":"closed","template":"","meta":{"neve_meta_sidebar":"","neve_meta_container":"","neve_meta_enable_content_width":"","neve_meta_content_width":0,"neve_meta_title_alignment":"","neve_meta_author_avatar":"","neve_post_elements_order":"","neve_meta_disable_header":"","neve_meta_disable_footer":"","neve_meta_disable_title":"on","footnotes":""},"class_list":["post-782","page","type-page","status-publish","hentry"],"_links":{"self":[{"href":"https:\/\/poulesoieclubdefrance.fr\/index.php\/wp-json\/wp\/v2\/pages\/782","targetHints":{"allow":["GET"]}}],"collection":[{"href":"https:\/\/poulesoieclubdefrance.fr\/index.php\/wp-json\/wp\/v2\/pages"}],"about":[{"href":"https:\/\/poulesoieclubdefrance.fr\/index.php\/wp-json\/wp\/v2\/types\/page"}],"author":[{"embeddable":true,"href":"https:\/\/poulesoieclubdefrance.fr\/index.php\/wp-json\/wp\/v2\/users\/3"}],"replies":[{"embeddable":true,"href":"https:\/\/poulesoieclubdefrance.fr\/index.php\/wp-json\/wp\/v2\/comments?post=782"}],"version-history":[{"count":11,"href":"https:\/\/poulesoieclubdefrance.fr\/index.php\/wp-json\/wp\/v2\/pages\/782\/revisions"}],"predecessor-version":[{"id":1816,"href":"https:\/\/poulesoieclubdefrance.fr\/index.php\/wp-json\/wp\/v2\/pages\/782\/revisions\/1816"}],"wp:attachment":[{"href":"https:\/\/poulesoieclubdefrance.fr\/index.php\/wp-json\/wp\/v2\/media?parent=782"}],"curies":[{"name":"wp","href":"https:\/\/api.w.org\/{rel}","templated":true}]}}