{"id":752,"date":"2025-08-05T22:45:08","date_gmt":"2025-08-05T20:45:08","guid":{"rendered":"https:\/\/poulesoieclubdefrance.fr\/?page_id=752"},"modified":"2025-10-26T20:26:55","modified_gmt":"2025-10-26T19:26:55","slug":"la-poule-soie-bleue","status":"publish","type":"page","link":"https:\/\/poulesoieclubdefrance.fr\/index.php\/la-poule-soie-bleue\/","title":{"rendered":"La Poule Soie bleue"},"content":{"rendered":"\n<h1 class=\"wp-block-heading has-text-align-center has-neve-link-hover-color-color has-text-color has-link-color wp-elements-93045330b79155bf306bcc25215e4d91\">La Poule Soie bleue<\/h1>\n\n\n\n<div style=\"height:20px\" aria-hidden=\"true\" class=\"wp-block-spacer\"><\/div>\n\n\n\n<div class=\"wp-block-columns box-shadow has-border-color is-layout-flex wp-container-core-columns-is-layout-e8d4300d wp-block-columns-is-layout-flex\" style=\"border-color:var(--nv-primary-accent);border-radius:10px;padding-top:15px;padding-right:5px;padding-bottom:15px;padding-left:5px\">\n<div class=\"wp-block-column is-layout-flow wp-block-column-is-layout-flow\" style=\"flex-basis:50%\">\n<div style=\"height:10px\" aria-hidden=\"true\" class=\"wp-block-spacer\"><\/div>\n\n\n<div class=\"wp-block-image img-shadow\">\n<figure class=\"aligncenter size-full is-resized has-custom-border\"><img loading=\"lazy\" decoding=\"async\" width=\"317\" height=\"225\" src=\"https:\/\/poulesoieclubdefrance.fr\/wp-content\/uploads\/2025\/07\/poule-gris-prez.png\" alt=\"\" class=\"wp-image-762\" style=\"border-radius:10px;width:340px;height:auto\" srcset=\"https:\/\/poulesoieclubdefrance.fr\/wp-content\/uploads\/2025\/07\/poule-gris-prez.png 317w, https:\/\/poulesoieclubdefrance.fr\/wp-content\/uploads\/2025\/07\/poule-gris-prez-300x213.png 300w\" sizes=\"auto, (max-width: 317px) 100vw, 317px\" \/><\/figure>\n<\/div>\n\n\n<div style=\"height:27px\" aria-hidden=\"true\" class=\"wp-block-spacer\"><\/div>\n\n\n\n<div class=\"wp-block-buttons is-content-justification-center is-layout-flex wp-container-core-buttons-is-layout-16018d1d wp-block-buttons-is-layout-flex\">\n<div class=\"wp-block-button\"><a class=\"wp-block-button__link has-text-align-center wp-element-button\" href=\"https:\/\/poulesoieclubdefrance.fr\/index.php\/les-coloris\/\">Voir d&rsquo;autres coloris<\/a><\/div>\n<\/div>\n<\/div>\n\n\n\n<div class=\"wp-block-column is-layout-flow wp-block-column-is-layout-flow\" style=\"flex-basis:50%\">\n<h2 class=\"wp-block-heading has-nv-c-2-color has-text-color has-link-color wp-elements-01f643d60655c57a07628e5dee06c1ce\">Caract\u00e9ristiques<\/h2>\n\n\n\n<ul class=\"wp-block-list\">\n<li><strong>Peau<\/strong> : noire<\/li>\n\n\n\n<li><strong>Couleur<\/strong> : la plus homog\u00e8ne possible<\/li>\n\n\n\n<li><strong>Yeux<\/strong> : fonc\u00e9s<\/li>\n\n\n\n<li><strong>Oreillons<\/strong> : bleu turquoise<\/li>\n\n\n\n<li><strong>Poussins<\/strong> : bleu gris clair \u00e0 gris fonc\u00e9<\/li>\n\n\n\n<li><strong>G\u00e8ne <\/strong>: \u00ab&nbsp;Bl&nbsp;\u00bb<\/li>\n<\/ul>\n<\/div>\n<\/div>\n\n\n\n<div class=\"wp-block-columns is-layout-flex wp-container-core-columns-is-layout-9d6595d7 wp-block-columns-is-layout-flex\">\n<div class=\"wp-block-column is-layout-flow wp-block-column-is-layout-flow\">\n<p>La Poule soie bleue est de la m\u00eame famille g\u00e9n\u00e9tique que la noire. C\u2019est en fait une dilution du noir qu\u2019on obtient gr\u00e2ce \u00e0 la pr\u00e9sence du g\u00e8ne \u00ab&nbsp;Bl&nbsp;\u00bb.&nbsp;<\/p>\n\n\n\n<p>C\u2019est sous sa forme h\u00e9t\u00e9rozygote (ou simple dose), que le g\u00e8ne \u00ab&nbsp;Bl&nbsp;\u00bb donne le bleu. Sous sa forme homozygote \u00ab&nbsp;pure&nbsp;\u00bb, il donnera le coloris splash.<\/p>\n\n\n\n<div class=\"wp-block-columns is-layout-flex wp-container-core-columns-is-layout-9d6595d7 wp-block-columns-is-layout-flex\">\n<div class=\"wp-block-column is-layout-flow wp-block-column-is-layout-flow\" style=\"flex-basis:30%\">\n<p class=\"has-text-align-center\">NOIR<\/p>\n\n\n<div class=\"wp-block-image\">\n<figure class=\"aligncenter\"><img decoding=\"async\" src=\"https:\/\/lh7-rt.googleusercontent.com\/docsz\/AD_4nXdvzOxo3ppLrPkqSA7Fu2aupHmIoOXJa2Y_wl95H-EqH8Kq9OrARrWPl__rDYD9IcaeEj2y3_V-ArVdARi6rrpxyaFvslk2_CzK1m3hjGG3XPFQRaltdJ6JRfPQ5dZUb3OzM6uONWJzbmNaXlPalw?key=mc1sOXjMES3_cePkCSlFMQ\" alt=\"poule noire.jpg\"\/><\/figure>\n<\/div><\/div>\n\n\n\n<div class=\"wp-block-column is-layout-flow wp-block-column-is-layout-flow\" style=\"flex-basis:5%\">\n<div style=\"height:25%\" aria-hidden=\"true\" class=\"wp-block-spacer\"><\/div>\n\n\n\n<p class=\"has-text-align-center\">=&gt;<\/p>\n<\/div>\n\n\n\n<div class=\"wp-block-column is-layout-flow wp-block-column-is-layout-flow\" style=\"flex-basis:30%\">\n<p class=\"has-text-align-center\">BLEU<\/p>\n\n\n<div class=\"wp-block-image\">\n<figure class=\"aligncenter\"><img decoding=\"async\" src=\"https:\/\/lh7-rt.googleusercontent.com\/docsz\/AD_4nXdcUHYc_Nfld795Wj_7uH6KK1vyyhgkPIWUQIBcNz0Y-RYY19iZkpV8kUDWOXt6bKC0UZucP_UxXZMTOaAmBx5RhWbvNcwpCel4OKTMvkJbIbSp1opp-Q9H-SnVYiBH9Pd36EJUWFkRD1QQNn7jGJE?key=mc1sOXjMES3_cePkCSlFMQ\" alt=\"poule bleu.jpg\"\/><\/figure>\n<\/div><\/div>\n\n\n\n<div class=\"wp-block-column is-layout-flow wp-block-column-is-layout-flow\" style=\"flex-basis:5%\">\n<div style=\"height:25%\" aria-hidden=\"true\" class=\"wp-block-spacer\"><\/div>\n\n\n\n<p class=\"has-text-align-center\">=&gt;<\/p>\n<\/div>\n\n\n\n<div class=\"wp-block-column is-layout-flow wp-block-column-is-layout-flow\" style=\"flex-basis:30%\">\n<p class=\"has-text-align-center\">SPLASH<\/p>\n\n\n<div class=\"wp-block-image\">\n<figure class=\"aligncenter\"><img decoding=\"async\" src=\"https:\/\/lh7-rt.googleusercontent.com\/docsz\/AD_4nXdi6NDXQpWPQufrcc_KVg22hQslCdcPIrwt4b-buVaSefSojRqHAYWMg4Kgu3ZZgJ-fJn9OIQhrNEiFGKjmcikkO_vAbP4eyBASrmzjXBxkIgWWw9SiRPhXp6EKCJ2jZLvhzWlkfPBoEGyzqEmqNQU?key=mc1sOXjMES3_cePkCSlFMQ\" alt=\"poule splash.jpg\"\/><\/figure>\n<\/div><\/div>\n<\/div>\n\n\n\n<p>Cette dilution du noir par \u00ab&nbsp;Bl&nbsp;\u00bb&nbsp; donne une teinte gris ardoise uniforme plus ou moins fonc\u00e9e. <\/p>\n\n\n<div class=\"wp-block-image\">\n<figure class=\"aligncenter size-full is-resized\"><img loading=\"lazy\" decoding=\"async\" width=\"557\" height=\"70\" src=\"https:\/\/poulesoieclubdefrance.fr\/wp-content\/uploads\/2025\/06\/poule-serie-trans.png\" alt=\"\" class=\"wp-image-408\" style=\"width:255px;height:auto\" srcset=\"https:\/\/poulesoieclubdefrance.fr\/wp-content\/uploads\/2025\/06\/poule-serie-trans.png 557w, https:\/\/poulesoieclubdefrance.fr\/wp-content\/uploads\/2025\/06\/poule-serie-trans-300x38.png 300w\" sizes=\"auto, (max-width: 557px) 100vw, 557px\" \/><\/figure>\n<\/div>\n\n\n<div style=\"height:35px\" aria-hidden=\"true\" class=\"wp-block-spacer\"><\/div>\n<\/div>\n<\/div>\n\n\n\n<div class=\"wp-block-columns fond-centre-plume box-shadow has-nv-c-1-background-color has-background is-layout-flex wp-container-core-columns-is-layout-9d6595d7 wp-block-columns-is-layout-flex\" style=\"border-radius:10px\">\n<div class=\"wp-block-column is-layout-flow wp-block-column-is-layout-flow\">\n<h2 class=\"wp-block-heading has-nv-c-2-color has-text-color has-link-color wp-elements-542bb9295770060e7249531eac5fa5de\">L&rsquo;adulte<\/h2>\n\n\n\n<div class=\"wp-block-columns is-layout-flex wp-container-core-columns-is-layout-9d6595d7 wp-block-columns-is-layout-flex\">\n<div class=\"wp-block-column is-layout-flow wp-block-column-is-layout-flow\">\n<p class=\"has-text-align-center has-neve-link-hover-color-color has-text-color has-link-color has-medium-font-size wp-elements-68d1b8eb6bcd58b2824e944a74b9b0ca\">La poule<\/p>\n\n\n<div class=\"wp-block-image img-shadow\">\n<figure class=\"aligncenter size-full is-resized has-custom-border\"><img loading=\"lazy\" decoding=\"async\" width=\"239\" height=\"300\" src=\"https:\/\/poulesoieclubdefrance.fr\/wp-content\/uploads\/2025\/09\/poule-bleu-colori300.jpg\" alt=\"\" class=\"wp-image-1417\" style=\"border-radius:10px;width:auto;height:288px\"\/><\/figure>\n<\/div><\/div>\n\n\n\n<div class=\"wp-block-column is-layout-flow wp-block-column-is-layout-flow\">\n<p class=\"has-text-align-center has-neve-link-hover-color-color has-text-color has-link-color has-medium-font-size wp-elements-1fca6e071f8a47c9af95c5ad0888c9dc\">Le coq<\/p>\n\n\n<div class=\"wp-block-image img-shadow\">\n<figure class=\"aligncenter size-full has-custom-border\"><img loading=\"lazy\" decoding=\"async\" width=\"278\" height=\"288\" src=\"https:\/\/poulesoieclubdefrance.fr\/wp-content\/uploads\/2025\/07\/coq-bleu-ok-c.png\" alt=\"\" class=\"wp-image-765\" style=\"border-radius:10px;object-fit:cover\"\/><\/figure>\n<\/div><\/div>\n<\/div>\n\n\n\n<p>Comme le montre la photo ci-contre, les parures du coq (camail, dos \u00e9paules) seront souvent plus fonc\u00e9es. Les nuances de bleu sont nombreuses et avec les m\u00eames parents, on pourra obtenir aussi bien des sujets \u00ab&nbsp;bleu clair&nbsp;\u00bb que \u00ab&nbsp;bleu fonc\u00e9&nbsp;\u00bb. Souvent, les plus clairs sont visuellement les plus esth\u00e9tiques et&nbsp; attrayants. Dans tous les cas, la couleur doit \u00eatre la plus homog\u00e8ne possible.&nbsp;<\/p>\n\n\n\n<p>Sur certains sujets bleus particuli\u00e8rement fonc\u00e9s, il sera parfois difficile de diff\u00e9rencier le bleu du noir.&nbsp;La diff\u00e9rence se fait g\u00e9n\u00e9ralement au niveau du sous plumage qui sera noir chez les sujets noir alors qu\u2019il sera gris sur les sujets bleu. Il est \u00e0 noter que ce coloris bleu tr\u00e8s fonc\u00e9, presque noir n\u2019est pas souhaitable.<\/p>\n<\/div>\n<\/div>\n\n\n\n<div class=\"wp-block-columns is-layout-flex wp-container-core-columns-is-layout-9d6595d7 wp-block-columns-is-layout-flex\">\n<div class=\"wp-block-column is-layout-flow wp-block-column-is-layout-flow\"><div class=\"wp-block-image\">\n<figure class=\"aligncenter size-full is-resized\"><img loading=\"lazy\" decoding=\"async\" width=\"557\" height=\"70\" src=\"https:\/\/poulesoieclubdefrance.fr\/wp-content\/uploads\/2025\/06\/poule-serie-trans.png\" alt=\"\" class=\"wp-image-408\" style=\"width:255px\" srcset=\"https:\/\/poulesoieclubdefrance.fr\/wp-content\/uploads\/2025\/06\/poule-serie-trans.png 557w, https:\/\/poulesoieclubdefrance.fr\/wp-content\/uploads\/2025\/06\/poule-serie-trans-300x38.png 300w\" sizes=\"auto, (max-width: 557px) 100vw, 557px\" \/><\/figure>\n<\/div>\n\n\n<div style=\"height:35px\" aria-hidden=\"true\" class=\"wp-block-spacer\"><\/div>\n\n\n\n<h2 class=\"wp-block-heading has-nv-c-2-color has-text-color has-link-color wp-elements-8e817732d809d77d18e9179780f802ae\">Le poussin<\/h2>\n\n\n<div class=\"wp-block-image img-shadow\">\n<figure class=\"aligncenter size-full is-resized has-custom-border\"><img loading=\"lazy\" decoding=\"async\" width=\"338\" height=\"340\" src=\"https:\/\/poulesoieclubdefrance.fr\/wp-content\/uploads\/2025\/09\/poussin-bleu-colori.jpg\" alt=\"\" class=\"wp-image-1393\" style=\"border-radius:10px;width:450px\" srcset=\"https:\/\/poulesoieclubdefrance.fr\/wp-content\/uploads\/2025\/09\/poussin-bleu-colori.jpg 338w, https:\/\/poulesoieclubdefrance.fr\/wp-content\/uploads\/2025\/09\/poussin-bleu-colori-298x300.jpg 298w, https:\/\/poulesoieclubdefrance.fr\/wp-content\/uploads\/2025\/09\/poussin-bleu-colori-150x150.jpg 150w\" sizes=\"auto, (max-width: 338px) 100vw, 338px\" \/><\/figure>\n<\/div>\n\n\n<div style=\"height:30px\" aria-hidden=\"true\" class=\"wp-block-spacer\"><\/div>\n\n\n\n<p class=\"fond-poussin-bas-droite-petit-petit\">Les teintes des poussins Poule Soie bleus varient du bleu gris-clair au bleu gris-fonc\u00e9 presque noir. Plus le duvet du poussin est clair \u00e0 la naissance, plus le sujet&nbsp; \u00e0 l\u2019\u00e2ge adulte le sera. Dans le cas de poussins tr\u00e8s fonc\u00e9s, il reste toutefois possible de diff\u00e9rencier les poussins bleus des poussins noirs. En effet, sur les poussins bleus, le sous plumage sera gris bleut\u00e9 alors que sur les poussins noirs, le sous plumage sera totalement noir.<\/p>\n\n\n<div class=\"wp-block-image\">\n<figure class=\"aligncenter size-full is-resized\"><img loading=\"lazy\" decoding=\"async\" width=\"557\" height=\"70\" src=\"https:\/\/poulesoieclubdefrance.fr\/wp-content\/uploads\/2025\/06\/poule-serie-trans.png\" alt=\"\" class=\"wp-image-408\" style=\"width:255px\" srcset=\"https:\/\/poulesoieclubdefrance.fr\/wp-content\/uploads\/2025\/06\/poule-serie-trans.png 557w, https:\/\/poulesoieclubdefrance.fr\/wp-content\/uploads\/2025\/06\/poule-serie-trans-300x38.png 300w\" sizes=\"auto, (max-width: 557px) 100vw, 557px\" \/><\/figure>\n<\/div>\n\n\n<div style=\"height:35px\" aria-hidden=\"true\" class=\"wp-block-spacer\"><\/div>\n<\/div>\n<\/div>\n\n\n\n<div class=\"wp-block-columns fond-bas-droite-nid box-shadow has-border-color is-layout-flex wp-container-core-columns-is-layout-195e6a4c wp-block-columns-is-layout-flex\" style=\"border-color:var(--nv-c-2);border-style:solid;border-radius:10px;padding-top:20px;padding-right:20px;padding-bottom:20px;padding-left:20px\">\n<div class=\"wp-block-column is-layout-flow wp-block-column-is-layout-flow\">\n<h2 class=\"wp-block-heading has-nv-c-2-color has-text-color has-link-color wp-elements-c4f625ef44ef00eb150b0e21d9bf0fa4\">Les d\u00e9fauts<\/h2>\n\n\n\n<p><strong><strong>Couleur trop claire ou trop fonc\u00e9e&nbsp;; plumes d\u2019autres couleurs. D\u00e9faut d\u2019homog\u00e9n\u00e9it\u00e9.<\/strong><\/strong><\/p>\n<\/div>\n<\/div>\n","protected":false},"excerpt":{"rendered":"<p>La Poule Soie bleue Caract\u00e9ristiques La Poule soie bleue est de la m\u00eame famille g\u00e9n\u00e9tique que la noire. C\u2019est en fait une dilution du noir qu\u2019on obtient gr\u00e2ce \u00e0 la&hellip;&nbsp;<a href=\"https:\/\/poulesoieclubdefrance.fr\/index.php\/la-poule-soie-bleue\/\" rel=\"bookmark\"><span class=\"screen-reader-text\">La Poule Soie bleue<\/span><\/a><\/p>\n","protected":false},"author":3,"featured_media":0,"parent":0,"menu_order":0,"comment_status":"closed","ping_status":"closed","template":"","meta":{"neve_meta_sidebar":"","neve_meta_container":"","neve_meta_enable_content_width":"","neve_meta_content_width":0,"neve_meta_title_alignment":"","neve_meta_author_avatar":"","neve_post_elements_order":"","neve_meta_disable_header":"","neve_meta_disable_footer":"","neve_meta_disable_title":"on","footnotes":""},"class_list":["post-752","page","type-page","status-publish","hentry"],"_links":{"self":[{"href":"https:\/\/poulesoieclubdefrance.fr\/index.php\/wp-json\/wp\/v2\/pages\/752","targetHints":{"allow":["GET"]}}],"collection":[{"href":"https:\/\/poulesoieclubdefrance.fr\/index.php\/wp-json\/wp\/v2\/pages"}],"about":[{"href":"https:\/\/poulesoieclubdefrance.fr\/index.php\/wp-json\/wp\/v2\/types\/page"}],"author":[{"embeddable":true,"href":"https:\/\/poulesoieclubdefrance.fr\/index.php\/wp-json\/wp\/v2\/users\/3"}],"replies":[{"embeddable":true,"href":"https:\/\/poulesoieclubdefrance.fr\/index.php\/wp-json\/wp\/v2\/comments?post=752"}],"version-history":[{"count":16,"href":"https:\/\/poulesoieclubdefrance.fr\/index.php\/wp-json\/wp\/v2\/pages\/752\/revisions"}],"predecessor-version":[{"id":1418,"href":"https:\/\/poulesoieclubdefrance.fr\/index.php\/wp-json\/wp\/v2\/pages\/752\/revisions\/1418"}],"wp:attachment":[{"href":"https:\/\/poulesoieclubdefrance.fr\/index.php\/wp-json\/wp\/v2\/media?parent=752"}],"curies":[{"name":"wp","href":"https:\/\/api.w.org\/{rel}","templated":true}]}}