{"id":69,"date":"2025-09-30T13:54:04","date_gmt":"2025-09-30T11:54:04","guid":{"rendered":"http:\/\/poulesoieclubdefrance.fr\/?page_id=69"},"modified":"2025-10-28T17:44:25","modified_gmt":"2025-10-28T16:44:25","slug":"championnats-et-expositions","status":"publish","type":"page","link":"https:\/\/poulesoieclubdefrance.fr\/index.php\/championnats-et-expositions\/","title":{"rendered":"Championnats et expositions"},"content":{"rendered":"\n<div class=\"wp-block-columns is-layout-flex wp-container-core-columns-is-layout-9d6595d7 wp-block-columns-is-layout-flex\">\n<div class=\"wp-block-column is-layout-flow wp-block-column-is-layout-flow\">\n<h1 class=\"wp-block-heading has-nv-dark-bg-color has-text-color has-link-color wp-elements-b839d7ee3fd27f71be6f795d1f4d636a\">Les championnats et expositions<\/h1>\n\n\n\n<p>D\u00e9couvrez les championnats et expositions propos\u00e9s au cours de l&rsquo;ann\u00e9e<\/p>\n\n\n<div class=\"wp-block-image img-shadow\">\n<figure class=\"aligncenter size-full has-custom-border\"><img loading=\"lazy\" decoding=\"async\" width=\"748\" height=\"243\" src=\"https:\/\/poulesoieclubdefrance.fr\/wp-content\/uploads\/2025\/09\/IMG-20250915-WA0005-e1759233594980.jpg\" alt=\"\" class=\"wp-image-1450\" style=\"border-radius:10px\" srcset=\"https:\/\/poulesoieclubdefrance.fr\/wp-content\/uploads\/2025\/09\/IMG-20250915-WA0005-e1759233594980.jpg 748w, https:\/\/poulesoieclubdefrance.fr\/wp-content\/uploads\/2025\/09\/IMG-20250915-WA0005-e1759233594980-300x97.jpg 300w\" sizes=\"auto, (max-width: 748px) 100vw, 748px\" \/><\/figure>\n<\/div>\n\n\n<div style=\"height:30px\" aria-hidden=\"true\" class=\"wp-block-spacer\"><\/div>\n<\/div>\n<\/div>\n\n\n\n<div class=\"wp-block-columns box-shadow fond-centre-flot { has-nv-c-1-background-color has-background is-layout-flex wp-container-core-columns-is-layout-9d6595d7 wp-block-columns-is-layout-flex\" style=\"border-radius:10px\">\n<div class=\"wp-block-column is-layout-flow wp-block-column-is-layout-flow\">\n<h2 class=\"wp-block-heading has-nv-c-2-color has-text-color has-link-color wp-elements-dc3e5499e75ca1e51c2326be217125b7\">Manifestations 2025<\/h2>\n\n\n\n<h3 class=\"wp-block-heading has-nv-light-bg-color has-text-color has-link-color wp-elements-f73af46c5cb6f8c9bef6ac8df9fc5c39\">Championnat de France &#8211; Rabastens &#8211; 30\/10 au 02\/11<\/h3>\n\n\n\n<div class=\"wp-block-columns is-layout-flex wp-container-core-columns-is-layout-9d6595d7 wp-block-columns-is-layout-flex\">\n<div class=\"wp-block-column is-vertically-aligned-stretch is-layout-flow wp-block-column-is-layout-flow\" style=\"flex-basis:25%\"><div class=\"wp-block-image img-shadow\">\n<figure class=\"aligncenter size-large is-resized\"><img loading=\"lazy\" decoding=\"async\" width=\"724\" height=\"1024\" src=\"https:\/\/poulesoieclubdefrance.fr\/wp-content\/uploads\/2025\/09\/rabastens-724x1024.jpg\" alt=\"\" class=\"wp-image-1459\" style=\"width:auto;height:300px\" title=\"\" srcset=\"https:\/\/poulesoieclubdefrance.fr\/wp-content\/uploads\/2025\/09\/rabastens-724x1024.jpg 724w, https:\/\/poulesoieclubdefrance.fr\/wp-content\/uploads\/2025\/09\/rabastens-212x300.jpg 212w, https:\/\/poulesoieclubdefrance.fr\/wp-content\/uploads\/2025\/09\/rabastens-768x1086.jpg 768w, https:\/\/poulesoieclubdefrance.fr\/wp-content\/uploads\/2025\/09\/rabastens-1086x1536.jpg 1086w, https:\/\/poulesoieclubdefrance.fr\/wp-content\/uploads\/2025\/09\/rabastens.jpg 1414w\" sizes=\"auto, (max-width: 724px) 100vw, 724px\" \/><\/figure>\n<\/div><\/div>\n\n\n\n<div class=\"wp-block-column is-vertically-aligned-center is-layout-flow wp-block-column-is-layout-flow\">\n<p>Cette ann\u00e9e le championnat de France aura lieu \u00e0 Rabastens (81)<br>Les inscriptions sont termin\u00e9es en tant qu&rsquo;exposant.<\/p>\n\n\n\n<p>Vous pouvez vous inscrire au repas des \u00e9leveurs en remplissant le document ci-joint<\/p>\n<\/div>\n<\/div>\n\n\n\n<div data-wp-interactive=\"core\/file\" class=\"wp-block-file\"><object data-wp-bind--hidden=\"!state.hasPdfPreview\" hidden class=\"wp-block-file__embed\" data=\"https:\/\/poulesoieclubdefrance.fr\/wp-content\/uploads\/2025\/09\/Inscription-Repas-des-eleveurs-2025-1.pdf\" type=\"application\/pdf\" style=\"width:100%;height:300px\" aria-label=\"Contenu embarqu\u00e9 Inscription Repas des \u00e9leveurs 2025-1.\"><\/object><a id=\"wp-block-file--media-5d73866c-b262-4693-8e26-37a3e04e2aa7\" href=\"https:\/\/poulesoieclubdefrance.fr\/wp-content\/uploads\/2025\/09\/Inscription-Repas-des-eleveurs-2025-1.pdf\">Inscription Repas des \u00e9leveurs 2025-1<\/a><a href=\"https:\/\/poulesoieclubdefrance.fr\/wp-content\/uploads\/2025\/09\/Inscription-Repas-des-eleveurs-2025-1.pdf\" class=\"wp-block-file__button wp-element-button\" download aria-describedby=\"wp-block-file--media-5d73866c-b262-4693-8e26-37a3e04e2aa7\">T\u00e9l\u00e9charger<\/a><\/div>\n\n\n<div class=\"wp-block-image\">\n<figure class=\"aligncenter size-full is-resized\"><img loading=\"lazy\" decoding=\"async\" width=\"1104\" height=\"78\" src=\"https:\/\/poulesoieclubdefrance.fr\/wp-content\/uploads\/2025\/06\/paille-transp.png\" alt=\"\" class=\"wp-image-357\" style=\"width:auto;height:35px\" srcset=\"https:\/\/poulesoieclubdefrance.fr\/wp-content\/uploads\/2025\/06\/paille-transp.png 1104w, https:\/\/poulesoieclubdefrance.fr\/wp-content\/uploads\/2025\/06\/paille-transp-300x21.png 300w, https:\/\/poulesoieclubdefrance.fr\/wp-content\/uploads\/2025\/06\/paille-transp-1024x72.png 1024w, https:\/\/poulesoieclubdefrance.fr\/wp-content\/uploads\/2025\/06\/paille-transp-768x54.png 768w\" sizes=\"auto, (max-width: 1104px) 100vw, 1104px\" \/><\/figure>\n<\/div>\n\n\n<div style=\"height:30px\" aria-hidden=\"true\" class=\"wp-block-spacer\"><\/div>\n\n\n\n<h3 class=\"wp-block-heading has-neve-link-color-color has-text-color has-link-color wp-elements-acd069c8f7851ade5c0d56459507418e\">Championnat r\u00e9gional &#8211; Beaune-Ciel &#8211; 21\/11 au 23\/11<\/h3>\n\n\n\n<div class=\"wp-block-columns is-layout-flex wp-container-core-columns-is-layout-9d6595d7 wp-block-columns-is-layout-flex\">\n<div class=\"wp-block-column is-vertically-aligned-stretch is-layout-flow wp-block-column-is-layout-flow\" style=\"flex-basis:25%\"><div class=\"wp-block-image img-shadow\">\n<figure class=\"aligncenter size-large is-resized\"><img loading=\"lazy\" decoding=\"async\" width=\"718\" height=\"1024\" src=\"https:\/\/poulesoieclubdefrance.fr\/wp-content\/uploads\/2025\/09\/IMG-20250929-WA0003-718x1024.jpg\" alt=\"\" class=\"wp-image-1476\" style=\"width:auto;height:300px\" title=\"\" srcset=\"https:\/\/poulesoieclubdefrance.fr\/wp-content\/uploads\/2025\/09\/IMG-20250929-WA0003-718x1024.jpg 718w, https:\/\/poulesoieclubdefrance.fr\/wp-content\/uploads\/2025\/09\/IMG-20250929-WA0003-210x300.jpg 210w, https:\/\/poulesoieclubdefrance.fr\/wp-content\/uploads\/2025\/09\/IMG-20250929-WA0003-768x1095.jpg 768w, https:\/\/poulesoieclubdefrance.fr\/wp-content\/uploads\/2025\/09\/IMG-20250929-WA0003.jpg 970w\" sizes=\"auto, (max-width: 718px) 100vw, 718px\" \/><\/figure>\n<\/div><\/div>\n\n\n\n<div class=\"wp-block-column is-vertically-aligned-center is-layout-flow wp-block-column-is-layout-flow\">\n<p>Le championnat r\u00e9gional de Beaune-Ciel aura lieu du 21 au 23 novembre.<\/p>\n\n\n\n<p>Vous trouverez ci-dessous les documents pour vous inscrire.<\/p>\n<\/div>\n<\/div>\n\n\n\n<div data-wp-interactive=\"core\/file\" class=\"wp-block-file\"><object data-wp-bind--hidden=\"!state.hasPdfPreview\" hidden class=\"wp-block-file__embed\" data=\"https:\/\/poulesoieclubdefrance.fr\/wp-content\/uploads\/2025\/10\/Reglement-exposants-Verdun-Ciel-2025.pdf\" type=\"application\/pdf\" style=\"width:100%;height:300px\" aria-label=\"Contenu embarqu\u00e9 Reglement exposants Verdun-Ciel 2025.\"><\/object><a id=\"wp-block-file--media-ba58e81f-d9cb-4b3b-adf2-de64fe2d0a9f\" href=\"https:\/\/poulesoieclubdefrance.fr\/wp-content\/uploads\/2025\/10\/Reglement-exposants-Verdun-Ciel-2025.pdf\">Reglement exposants Verdun-Ciel 2025<\/a><a href=\"https:\/\/poulesoieclubdefrance.fr\/wp-content\/uploads\/2025\/10\/Reglement-exposants-Verdun-Ciel-2025.pdf\" class=\"wp-block-file__button wp-element-button\" download aria-describedby=\"wp-block-file--media-ba58e81f-d9cb-4b3b-adf2-de64fe2d0a9f\">T\u00e9l\u00e9charger<\/a><\/div>\n\n\n\n<div data-wp-interactive=\"core\/file\" class=\"wp-block-file\"><object data-wp-bind--hidden=\"!state.hasPdfPreview\" hidden class=\"wp-block-file__embed\" data=\"https:\/\/poulesoieclubdefrance.fr\/wp-content\/uploads\/2025\/10\/Declaration-inscription-Verdun-Ciel-2025.pdf\" type=\"application\/pdf\" style=\"width:100%;height:300px\" aria-label=\"Contenu embarqu\u00e9 D\u00e9claration inscription Verdun-Ciel 2025.\"><\/object><a id=\"wp-block-file--media-6ad92415-8bf5-4d58-a8aa-dde8872bbd8e\" href=\"https:\/\/poulesoieclubdefrance.fr\/wp-content\/uploads\/2025\/10\/Declaration-inscription-Verdun-Ciel-2025.pdf\">D\u00e9claration inscription Verdun-Ciel 2025<\/a><a href=\"https:\/\/poulesoieclubdefrance.fr\/wp-content\/uploads\/2025\/10\/Declaration-inscription-Verdun-Ciel-2025.pdf\" class=\"wp-block-file__button wp-element-button\" download aria-describedby=\"wp-block-file--media-6ad92415-8bf5-4d58-a8aa-dde8872bbd8e\">T\u00e9l\u00e9charger<\/a><\/div>\n\n\n<div class=\"wp-block-image\">\n<figure class=\"aligncenter size-full is-resized\"><img loading=\"lazy\" decoding=\"async\" width=\"1104\" height=\"78\" src=\"https:\/\/poulesoieclubdefrance.fr\/wp-content\/uploads\/2025\/06\/paille-transp.png\" alt=\"\" class=\"wp-image-357\" style=\"width:auto;height:35px\" srcset=\"https:\/\/poulesoieclubdefrance.fr\/wp-content\/uploads\/2025\/06\/paille-transp.png 1104w, https:\/\/poulesoieclubdefrance.fr\/wp-content\/uploads\/2025\/06\/paille-transp-300x21.png 300w, https:\/\/poulesoieclubdefrance.fr\/wp-content\/uploads\/2025\/06\/paille-transp-1024x72.png 1024w, https:\/\/poulesoieclubdefrance.fr\/wp-content\/uploads\/2025\/06\/paille-transp-768x54.png 768w\" sizes=\"auto, (max-width: 1104px) 100vw, 1104px\" \/><\/figure>\n<\/div>\n\n\n<div style=\"height:30px\" aria-hidden=\"true\" class=\"wp-block-spacer\"><\/div>\n\n\n\n<h3 class=\"wp-block-heading has-neve-link-color-color has-text-color has-link-color wp-elements-3a69b293c6bc2c0f18198182c25ee2cd\">Championnat r\u00e9gional &#8211; Enquin-Les-Mines 27\/11 au 30\/11<\/h3>\n\n\n\n<div class=\"wp-block-columns is-layout-flex wp-container-core-columns-is-layout-9d6595d7 wp-block-columns-is-layout-flex\">\n<div class=\"wp-block-column is-vertically-aligned-center is-layout-flow wp-block-column-is-layout-flow\">\n<div class=\"wp-block-columns is-layout-flex wp-container-core-columns-is-layout-9d6595d7 wp-block-columns-is-layout-flex\">\n<div class=\"wp-block-column is-layout-flow wp-block-column-is-layout-flow\" style=\"flex-basis:33.33%\">\n<figure class=\"wp-block-image size-full\"><img loading=\"lazy\" decoding=\"async\" width=\"726\" height=\"1024\" src=\"https:\/\/poulesoieclubdefrance.fr\/wp-content\/uploads\/2025\/10\/IMG-20251025-WA0008.jpg\" alt=\"\" class=\"wp-image-1732\" srcset=\"https:\/\/poulesoieclubdefrance.fr\/wp-content\/uploads\/2025\/10\/IMG-20251025-WA0008.jpg 726w, https:\/\/poulesoieclubdefrance.fr\/wp-content\/uploads\/2025\/10\/IMG-20251025-WA0008-213x300.jpg 213w\" sizes=\"auto, (max-width: 726px) 100vw, 726px\" \/><\/figure>\n<\/div>\n\n\n\n<div class=\"wp-block-column is-vertically-aligned-center is-layout-flow wp-block-column-is-layout-flow\" style=\"flex-basis:66.66%\">\n<p>Le championnat r\u00e9gional d&rsquo;Enquin-les-Mines aura lieu du 27 au 30 novembre.<\/p>\n\n\n\n<p>Vous pouvez vous inscrire en compl\u00e9tant les documents ci-dessous.<\/p>\n<\/div>\n<\/div>\n\n\n\n<div class=\"wp-block-file\"><a id=\"wp-block-file--media-05e04306-a966-49f4-85f1-052bb70b1fb1\" href=\"https:\/\/poulesoieclubdefrance.fr\/wp-content\/uploads\/2025\/09\/declaration-inscription-1.jpg\">declaration-inscription-1<\/a><a href=\"https:\/\/poulesoieclubdefrance.fr\/wp-content\/uploads\/2025\/09\/declaration-inscription-1.jpg\" class=\"wp-block-file__button wp-element-button\" download aria-describedby=\"wp-block-file--media-05e04306-a966-49f4-85f1-052bb70b1fb1\">T\u00e9l\u00e9charger<\/a><\/div>\n\n\n\n<div class=\"wp-block-file\"><a id=\"wp-block-file--media-f3ef1aea-2d2e-45db-a956-13621e6b7a9c\" href=\"https:\/\/poulesoieclubdefrance.fr\/wp-content\/uploads\/2025\/09\/declaration-inscription-2.jpg\">declaration-inscription-2<\/a><a href=\"https:\/\/poulesoieclubdefrance.fr\/wp-content\/uploads\/2025\/09\/declaration-inscription-2.jpg\" class=\"wp-block-file__button wp-element-button\" download aria-describedby=\"wp-block-file--media-f3ef1aea-2d2e-45db-a956-13621e6b7a9c\">T\u00e9l\u00e9charger<\/a><\/div>\n\n\n\n<div class=\"wp-block-file\"><a id=\"wp-block-file--media-33356ed7-c778-4b62-961e-6772b03d75bf\" href=\"https:\/\/poulesoieclubdefrance.fr\/wp-content\/uploads\/2025\/09\/reglement-expo-enquin-1.jpg\">reglement-expo-enquin-1<\/a><a href=\"https:\/\/poulesoieclubdefrance.fr\/wp-content\/uploads\/2025\/09\/reglement-expo-enquin-1.jpg\" class=\"wp-block-file__button wp-element-button\" download aria-describedby=\"wp-block-file--media-33356ed7-c778-4b62-961e-6772b03d75bf\">T\u00e9l\u00e9charger<\/a><\/div>\n\n\n\n<div class=\"wp-block-file\"><a id=\"wp-block-file--media-05ad8989-cb37-4a32-a2e0-9dd6e341db7f\" href=\"https:\/\/poulesoieclubdefrance.fr\/wp-content\/uploads\/2025\/09\/reglement-expo-enquin-2.jpg\">reglement-expo-enquin-2<\/a><a href=\"https:\/\/poulesoieclubdefrance.fr\/wp-content\/uploads\/2025\/09\/reglement-expo-enquin-2.jpg\" class=\"wp-block-file__button wp-element-button\" download aria-describedby=\"wp-block-file--media-05ad8989-cb37-4a32-a2e0-9dd6e341db7f\">T\u00e9l\u00e9charger<\/a><\/div>\n<\/div>\n<\/div>\n<\/div>\n<\/div>\n\n\n\n<div class=\"wp-block-columns box-shadow has-border-color has-neve-link-color-border-color is-layout-flex wp-container-core-columns-is-layout-195e6a4c wp-block-columns-is-layout-flex\" style=\"border-radius:10px;padding-top:20px;padding-right:20px;padding-bottom:20px;padding-left:20px\">\n<div class=\"wp-block-column is-layout-flow wp-block-column-is-layout-flow\">\n<h2 class=\"wp-block-heading has-nv-c-2-color has-text-color has-link-color wp-elements-fa43b1787f738e96059559f78efef94d\">Documents relatifs aux expositions<\/h2>\n\n\n\n<div data-wp-interactive=\"core\/file\" class=\"wp-block-file\"><object data-wp-bind--hidden=\"!state.hasPdfPreview\" hidden class=\"wp-block-file__embed\" data=\"https:\/\/poulesoieclubdefrance.fr\/wp-content\/uploads\/2025\/09\/Attestation-oiseaux-captifs-1.pdf\" type=\"application\/pdf\" style=\"width:100%;height:300px\" aria-label=\"Contenu embarqu\u00e9 Attestation oiseaux captifs-1.\"><\/object><a id=\"wp-block-file--media-6156c846-f3a8-4ef0-8402-06cb3e771b92\" href=\"https:\/\/poulesoieclubdefrance.fr\/wp-content\/uploads\/2025\/09\/Attestation-oiseaux-captifs-1.pdf\">Attestation oiseaux captifs-1<\/a><a href=\"https:\/\/poulesoieclubdefrance.fr\/wp-content\/uploads\/2025\/09\/Attestation-oiseaux-captifs-1.pdf\" class=\"wp-block-file__button wp-element-button\" download aria-describedby=\"wp-block-file--media-6156c846-f3a8-4ef0-8402-06cb3e771b92\">T\u00e9l\u00e9charger<\/a><\/div>\n\n\n<div class=\"wp-block-image\">\n<figure class=\"aligncenter size-full is-resized\"><img loading=\"lazy\" decoding=\"async\" width=\"1104\" height=\"78\" src=\"https:\/\/poulesoieclubdefrance.fr\/wp-content\/uploads\/2025\/06\/paille-transp.png\" alt=\"\" class=\"wp-image-357\" style=\"width:auto;height:35px\" srcset=\"https:\/\/poulesoieclubdefrance.fr\/wp-content\/uploads\/2025\/06\/paille-transp.png 1104w, https:\/\/poulesoieclubdefrance.fr\/wp-content\/uploads\/2025\/06\/paille-transp-300x21.png 300w, https:\/\/poulesoieclubdefrance.fr\/wp-content\/uploads\/2025\/06\/paille-transp-1024x72.png 1024w, https:\/\/poulesoieclubdefrance.fr\/wp-content\/uploads\/2025\/06\/paille-transp-768x54.png 768w\" sizes=\"auto, (max-width: 1104px) 100vw, 1104px\" \/><\/figure>\n<\/div>\n\n\n<div style=\"height:30px\" aria-hidden=\"true\" class=\"wp-block-spacer\"><\/div>\n\n\n\n<div data-wp-interactive=\"core\/file\" class=\"wp-block-file\"><object data-wp-bind--hidden=\"!state.hasPdfPreview\" hidden class=\"wp-block-file__embed\" data=\"https:\/\/poulesoieclubdefrance.fr\/wp-content\/uploads\/2025\/09\/declaration-vaccination-volailles-pigeons-2025-1.pdf\" type=\"application\/pdf\" style=\"width:100%;height:300px\" aria-label=\"Contenu embarqu\u00e9 declaration vaccination volailles-pigeons 2025-1.\"><\/object><a id=\"wp-block-file--media-ed9a8c0b-fb26-458d-96d3-0beb85e577a9\" href=\"https:\/\/poulesoieclubdefrance.fr\/wp-content\/uploads\/2025\/09\/declaration-vaccination-volailles-pigeons-2025-1.pdf\">declaration vaccination volailles-pigeons 2025-1<\/a><a href=\"https:\/\/poulesoieclubdefrance.fr\/wp-content\/uploads\/2025\/09\/declaration-vaccination-volailles-pigeons-2025-1.pdf\" class=\"wp-block-file__button wp-element-button\" download aria-describedby=\"wp-block-file--media-ed9a8c0b-fb26-458d-96d3-0beb85e577a9\">T\u00e9l\u00e9charger<\/a><\/div>\n<\/div>\n<\/div>\n\n\n\n<div class=\"wp-block-columns is-layout-flex wp-container-core-columns-is-layout-9d6595d7 wp-block-columns-is-layout-flex\">\n<div class=\"wp-block-column is-layout-flow wp-block-column-is-layout-flow\"><div class=\"wp-block-image img-shadow\">\n<figure class=\"aligncenter size-full\"><img loading=\"lazy\" decoding=\"async\" width=\"800\" height=\"408\" src=\"https:\/\/poulesoieclubdefrance.fr\/wp-content\/uploads\/2025\/09\/IMG-20250929-WA0006.jpg\" alt=\"\" class=\"wp-image-1504\" srcset=\"https:\/\/poulesoieclubdefrance.fr\/wp-content\/uploads\/2025\/09\/IMG-20250929-WA0006.jpg 800w, https:\/\/poulesoieclubdefrance.fr\/wp-content\/uploads\/2025\/09\/IMG-20250929-WA0006-300x153.jpg 300w, https:\/\/poulesoieclubdefrance.fr\/wp-content\/uploads\/2025\/09\/IMG-20250929-WA0006-768x392.jpg 768w\" sizes=\"auto, (max-width: 800px) 100vw, 800px\" \/><\/figure>\n<\/div><\/div>\n<\/div>\n","protected":false},"excerpt":{"rendered":"<p>Les championnats et expositions D\u00e9couvrez les championnats et expositions propos\u00e9s au cours de l&rsquo;ann\u00e9e Manifestations 2025 Championnat de France &#8211; Rabastens &#8211; 30\/10 au 02\/11 Cette ann\u00e9e le championnat de&hellip;&nbsp;<a href=\"https:\/\/poulesoieclubdefrance.fr\/index.php\/championnats-et-expositions\/\" rel=\"bookmark\"><span class=\"screen-reader-text\">Championnats et expositions<\/span><\/a><\/p>\n","protected":false},"author":1,"featured_media":0,"parent":0,"menu_order":0,"comment_status":"closed","ping_status":"closed","template":"","meta":{"neve_meta_sidebar":"","neve_meta_container":"","neve_meta_enable_content_width":"","neve_meta_content_width":0,"neve_meta_title_alignment":"","neve_meta_author_avatar":"","neve_post_elements_order":"","neve_meta_disable_header":"off","neve_meta_disable_footer":"","neve_meta_disable_title":"on","footnotes":""},"class_list":["post-69","page","type-page","status-publish","hentry"],"_links":{"self":[{"href":"https:\/\/poulesoieclubdefrance.fr\/index.php\/wp-json\/wp\/v2\/pages\/69","targetHints":{"allow":["GET"]}}],"collection":[{"href":"https:\/\/poulesoieclubdefrance.fr\/index.php\/wp-json\/wp\/v2\/pages"}],"about":[{"href":"https:\/\/poulesoieclubdefrance.fr\/index.php\/wp-json\/wp\/v2\/types\/page"}],"author":[{"embeddable":true,"href":"https:\/\/poulesoieclubdefrance.fr\/index.php\/wp-json\/wp\/v2\/users\/1"}],"replies":[{"embeddable":true,"href":"https:\/\/poulesoieclubdefrance.fr\/index.php\/wp-json\/wp\/v2\/comments?post=69"}],"version-history":[{"count":30,"href":"https:\/\/poulesoieclubdefrance.fr\/index.php\/wp-json\/wp\/v2\/pages\/69\/revisions"}],"predecessor-version":[{"id":1810,"href":"https:\/\/poulesoieclubdefrance.fr\/index.php\/wp-json\/wp\/v2\/pages\/69\/revisions\/1810"}],"wp:attachment":[{"href":"https:\/\/poulesoieclubdefrance.fr\/index.php\/wp-json\/wp\/v2\/media?parent=69"}],"curies":[{"name":"wp","href":"https:\/\/api.w.org\/{rel}","templated":true}]}}