{"id":67,"date":"2025-07-07T18:48:55","date_gmt":"2025-07-07T16:48:55","guid":{"rendered":"http:\/\/poulesoieclubdefrance.fr\/?page_id=67"},"modified":"2025-10-24T21:33:52","modified_gmt":"2025-10-24T19:33:52","slug":"la-race-poule-soie","status":"publish","type":"page","link":"https:\/\/poulesoieclubdefrance.fr\/index.php\/la-race-poule-soie\/","title":{"rendered":"La race Poule Soie"},"content":{"rendered":"\n<div class=\"wp-block-columns is-layout-flex wp-container-core-columns-is-layout-9d6595d7 wp-block-columns-is-layout-flex\">\n<div class=\"wp-block-column is-layout-flow wp-block-column-is-layout-flow\">\n<h1 class=\"wp-block-heading has-neve-link-hover-color-color has-text-color has-link-color wp-elements-558153d79e760fda00662f8745c7c640\">La race Poule Soie<\/h1>\n\n\n\n<p>Originaire d\u2019Asie et plus pr\u00e9cis\u00e9ment de Chine, la Poule Soie a \u00e9volu\u00e9 et&nbsp; a \u00e9t\u00e9 s\u00e9lectionn\u00e9e au Japon pour son aspect ornemental notamment. Elle est connue depuis tr\u00e8s longtemps en Europe. Au 13\u00e8me si\u00e8cle, Marco Polo, grand explorateur et marchand, la d\u00e9crit comme une poule avec la peau et le poil noirs.&nbsp;Elle fut ensuite progressivement export\u00e9e vers l\u2019Europe.<\/p>\n\n\n\n<div class=\"wp-block-media-text is-stacked-on-mobile box-shadow has-border-color\" style=\"border-color:var(--nv-primary-accent);border-radius:10px;padding-top:5px;padding-right:5px;padding-bottom:5px;padding-left:5px\"><figure class=\"wp-block-media-text__media\"><img loading=\"lazy\" decoding=\"async\" width=\"1024\" height=\"272\" src=\"https:\/\/poulesoieclubdefrance.fr\/wp-content\/uploads\/2025\/07\/rustica-1-1024x272.png\" alt=\"\" class=\"wp-image-551 size-full\" srcset=\"https:\/\/poulesoieclubdefrance.fr\/wp-content\/uploads\/2025\/07\/rustica-1-1024x272.png 1024w, https:\/\/poulesoieclubdefrance.fr\/wp-content\/uploads\/2025\/07\/rustica-1-300x80.png 300w, https:\/\/poulesoieclubdefrance.fr\/wp-content\/uploads\/2025\/07\/rustica-1-768x204.png 768w, https:\/\/poulesoieclubdefrance.fr\/wp-content\/uploads\/2025\/07\/rustica-1.png 1471w\" sizes=\"auto, (max-width: 1024px) 100vw, 1024px\" \/><\/figure><div class=\"wp-block-media-text__content\">\n<p>Nombreux sont ceux qui pensent que la Poule Soie est une race relativement moderne dans notre pays. Il n\u2019en est rien. Le 4 d\u00e9cembre 1949, la \u00ab&nbsp;n\u00e8gre-soie&nbsp;\u00bb est d\u00e9j\u00e0 pr\u00e9sent\u00e9e&nbsp; dans le magazine RUSTICA comme une curieuse race aux plumes soyeuses et fine. Il existe \u00e9galement de nombreux croquis ou images d\u2019archive o\u00f9 la Poule Soie est repr\u00e9sent\u00e9e. <\/p>\n<\/div><\/div>\n\n\n\n<div style=\"height:35px\" aria-hidden=\"true\" class=\"wp-block-spacer\"><\/div>\n\n\n<div class=\"wp-block-image img-shadow\">\n<figure class=\"aligncenter size-large is-resized has-custom-border\"><img loading=\"lazy\" decoding=\"async\" width=\"1024\" height=\"757\" src=\"https:\/\/poulesoieclubdefrance.fr\/wp-content\/uploads\/2025\/07\/rustica-2-1024x757.png\" alt=\"\" class=\"wp-image-552\" style=\"border-radius:10px;width:1170px;height:auto\" title=\"\" srcset=\"https:\/\/poulesoieclubdefrance.fr\/wp-content\/uploads\/2025\/07\/rustica-2-1024x757.png 1024w, https:\/\/poulesoieclubdefrance.fr\/wp-content\/uploads\/2025\/07\/rustica-2-300x222.png 300w, https:\/\/poulesoieclubdefrance.fr\/wp-content\/uploads\/2025\/07\/rustica-2-768x568.png 768w, https:\/\/poulesoieclubdefrance.fr\/wp-content\/uploads\/2025\/07\/rustica-2.png 1129w\" sizes=\"auto, (max-width: 1024px) 100vw, 1024px\" \/><\/figure>\n<\/div>\n\n\n<div style=\"height:35px\" aria-hidden=\"true\" class=\"wp-block-spacer\"><\/div>\n\n\n\n<div class=\"wp-block-columns box-shadow fond-poussin-bas has-nv-c-1-background-color has-background is-layout-flex wp-container-core-columns-is-layout-9d6595d7 wp-block-columns-is-layout-flex\" style=\"border-radius:10px\">\n<div class=\"wp-block-column is-layout-flow wp-block-column-is-layout-flow\">\n<p>Comme nous l\u2019avons d\u00e9j\u00e0 vu, la N\u00e8gre Soie, cette poule au plumage soyeux, est, depuis 2009, rebaptis\u00e9e Poule Soie. On s\u2019appliquera donc d\u00e9sormais \u00e0 dire une poule Poule Soie, un coq Poule Soie, un poussin Poule Soie, etc.\u2026 et on \u00e9vitera les \u00ab&nbsp;Soies&nbsp;\u00bb, les \u00ab&nbsp;coqs Soie&nbsp;\u00bb, ou les \u00ab&nbsp;poules de soie&nbsp;\u00bb comme on l\u2019entend encore trop souvent\u2026..<\/p>\n\n\n\n<p>La Poule Soie telle que nous la connaissons aujourd\u2019hui est issue d\u2019une longue s\u00e9lection faisant suite aux importations depuis l\u2019Europe et les \u00c9tats-Unis. Cette s\u00e9lection s\u2019est consid\u00e9rablement acc\u00e9l\u00e9r\u00e9e au cours du dernier si\u00e8cle pour aboutir \u00e0 ce que la race est aujourd\u2019hui, une race toute en rondeur et aux ind\u00e9niables qualit\u00e9s ornementales.<\/p>\n\n\n\n<p>Certains des caract\u00e8res sp\u00e9cifiques \u00e0 la Poule Soie sont r\u00e9cessifs et complexes \u00e0 s\u00e9lectionner fid\u00e8lement, ce qui oblige les \u00e9leveurs \u00e0 une s\u00e9lection permanente sous peine de perdre ces caract\u00e9ristiques propres et importantes de la race, ou du moins, \u00e0 les voir se d\u00e9t\u00e9riorer.&nbsp;<\/p>\n<\/div>\n<\/div>\n\n\n<div class=\"wp-block-image img-shadow\">\n<figure class=\"aligncenter size-large is-resized has-custom-border\"><img loading=\"lazy\" decoding=\"async\" width=\"760\" height=\"1024\" src=\"https:\/\/poulesoieclubdefrance.fr\/wp-content\/uploads\/2025\/07\/rustica-3-760x1024.png\" alt=\"\" class=\"wp-image-553\" style=\"border-radius:10px;width:1170px;height:auto\" srcset=\"https:\/\/poulesoieclubdefrance.fr\/wp-content\/uploads\/2025\/07\/rustica-3-760x1024.png 760w, https:\/\/poulesoieclubdefrance.fr\/wp-content\/uploads\/2025\/07\/rustica-3-223x300.png 223w, https:\/\/poulesoieclubdefrance.fr\/wp-content\/uploads\/2025\/07\/rustica-3-768x1035.png 768w, https:\/\/poulesoieclubdefrance.fr\/wp-content\/uploads\/2025\/07\/rustica-3-1140x1536.png 1140w, https:\/\/poulesoieclubdefrance.fr\/wp-content\/uploads\/2025\/07\/rustica-3-1519x2048.png 1519w, https:\/\/poulesoieclubdefrance.fr\/wp-content\/uploads\/2025\/07\/rustica-3.png 1538w\" sizes=\"auto, (max-width: 760px) 100vw, 760px\" \/><\/figure>\n<\/div>\n\n\n<div style=\"height:35px\" aria-hidden=\"true\" class=\"wp-block-spacer\"><\/div>\n\n\n<div class=\"wp-block-image is-style-default img-shadow\">\n<figure class=\"aligncenter size-large is-resized has-custom-border\"><img loading=\"lazy\" decoding=\"async\" width=\"788\" height=\"1024\" src=\"https:\/\/poulesoieclubdefrance.fr\/wp-content\/uploads\/2025\/07\/rustica-4-788x1024.png\" alt=\"\" class=\"wp-image-554\" style=\"border-radius:10px;width:1170px;height:auto\" srcset=\"https:\/\/poulesoieclubdefrance.fr\/wp-content\/uploads\/2025\/07\/rustica-4-788x1024.png 788w, https:\/\/poulesoieclubdefrance.fr\/wp-content\/uploads\/2025\/07\/rustica-4-231x300.png 231w, https:\/\/poulesoieclubdefrance.fr\/wp-content\/uploads\/2025\/07\/rustica-4-768x998.png 768w, https:\/\/poulesoieclubdefrance.fr\/wp-content\/uploads\/2025\/07\/rustica-4-1182x1536.png 1182w, https:\/\/poulesoieclubdefrance.fr\/wp-content\/uploads\/2025\/07\/rustica-4.png 1541w\" sizes=\"auto, (max-width: 788px) 100vw, 788px\" \/><\/figure>\n<\/div>\n\n\n<div style=\"height:35px\" aria-hidden=\"true\" class=\"wp-block-spacer\"><\/div>\n\n\n\n<details class=\"wp-block-details is-layout-flow wp-block-details-is-layout-flow\"><summary><strong><em>Article du \u00ab\u00a0Magasin Pittoresque\u00a0\u00bb, 38\u00e8me semaine&nbsp; (16-22 septembre 1861).<\/em><\/strong> <br><\/summary>\n<p><em>Avertissement&nbsp;: Certains propos \u00e0 consonance racistes sont \u00e0 remettre dans le contexte de l\u2019\u00e9poque\u2026 Aujourd\u2019hui, ils seraient certainement censur\u00e9s.<\/em><\/p>\n<\/details>\n\n\n\n<div style=\"height:35px\" aria-hidden=\"true\" class=\"wp-block-spacer\"><\/div>\n\n\n\n<p>La Poule Soie est une race calme, famili\u00e8re et docile. Elle est une pondeuse moyenne et elle a la r\u00e9putation d\u2019\u00eatre une excellente couveuse et m\u00e8re pour les poussins. Son faible besoin d\u2019espace et son adaptation facile en font une poule \u00e9lev\u00e9e par de nombreux \u00e9leveurs, m\u00eame dans des jardins de taille modeste.<\/p>\n\n\n\n<div class=\"wp-block-columns fond-centre-plume is-layout-flex wp-container-core-columns-is-layout-9d6595d7 wp-block-columns-is-layout-flex\">\n<div class=\"wp-block-column is-layout-flow wp-block-column-is-layout-flow\">\n<div class=\"wp-block-buttons is-content-justification-center is-layout-flex wp-container-core-buttons-is-layout-16018d1d wp-block-buttons-is-layout-flex\">\n<div class=\"wp-block-button\"><a class=\"wp-block-button__link has-custom-font-size wp-element-button\" href=\"https:\/\/poulesoieclubdefrance.fr\/index.php\/le-standard-de-la-poule-soie\/\" style=\"font-size:20px\">D\u00e9couvrir le standard de la race<\/a><\/div>\n<\/div>\n<\/div>\n\n\n\n<div class=\"wp-block-column is-layout-flow wp-block-column-is-layout-flow\">\n<div class=\"wp-block-buttons is-content-justification-center is-layout-flex wp-container-core-buttons-is-layout-16018d1d wp-block-buttons-is-layout-flex\">\n<div class=\"wp-block-button\"><a class=\"wp-block-button__link has-custom-font-size wp-element-button\" href=\"https:\/\/poulesoieclubdefrance.fr\/index.php\/caracteristiques-de-la-race-poule-soie\/\" style=\"font-size:20px\">D\u00e9couvrir les caract\u00e9ristiques de la race<\/a><\/div>\n<\/div>\n<\/div>\n<\/div>\n<\/div>\n<\/div>\n","protected":false},"excerpt":{"rendered":"<p>La race Poule Soie Originaire d\u2019Asie et plus pr\u00e9cis\u00e9ment de Chine, la Poule Soie a \u00e9volu\u00e9 et&nbsp; a \u00e9t\u00e9 s\u00e9lectionn\u00e9e au Japon pour son aspect ornemental notamment. Elle est connue&hellip;&nbsp;<a href=\"https:\/\/poulesoieclubdefrance.fr\/index.php\/la-race-poule-soie\/\" rel=\"bookmark\"><span class=\"screen-reader-text\">La race Poule Soie<\/span><\/a><\/p>\n","protected":false},"author":1,"featured_media":0,"parent":0,"menu_order":0,"comment_status":"closed","ping_status":"closed","template":"","meta":{"neve_meta_sidebar":"","neve_meta_container":"","neve_meta_enable_content_width":"","neve_meta_content_width":0,"neve_meta_title_alignment":"","neve_meta_author_avatar":"","neve_post_elements_order":"","neve_meta_disable_header":"","neve_meta_disable_footer":"","neve_meta_disable_title":"on","footnotes":""},"class_list":["post-67","page","type-page","status-publish","hentry"],"_links":{"self":[{"href":"https:\/\/poulesoieclubdefrance.fr\/index.php\/wp-json\/wp\/v2\/pages\/67","targetHints":{"allow":["GET"]}}],"collection":[{"href":"https:\/\/poulesoieclubdefrance.fr\/index.php\/wp-json\/wp\/v2\/pages"}],"about":[{"href":"https:\/\/poulesoieclubdefrance.fr\/index.php\/wp-json\/wp\/v2\/types\/page"}],"author":[{"embeddable":true,"href":"https:\/\/poulesoieclubdefrance.fr\/index.php\/wp-json\/wp\/v2\/users\/1"}],"replies":[{"embeddable":true,"href":"https:\/\/poulesoieclubdefrance.fr\/index.php\/wp-json\/wp\/v2\/comments?post=67"}],"version-history":[{"count":22,"href":"https:\/\/poulesoieclubdefrance.fr\/index.php\/wp-json\/wp\/v2\/pages\/67\/revisions"}],"predecessor-version":[{"id":595,"href":"https:\/\/poulesoieclubdefrance.fr\/index.php\/wp-json\/wp\/v2\/pages\/67\/revisions\/595"}],"wp:attachment":[{"href":"https:\/\/poulesoieclubdefrance.fr\/index.php\/wp-json\/wp\/v2\/media?parent=67"}],"curies":[{"name":"wp","href":"https:\/\/api.w.org\/{rel}","templated":true}]}}