{"id":207,"date":"2025-07-09T16:02:25","date_gmt":"2025-07-09T14:02:25","guid":{"rendered":"http:\/\/poulesoieclubdefrance.fr\/?page_id=207"},"modified":"2025-10-26T20:26:37","modified_gmt":"2025-10-26T19:26:37","slug":"la-poule-soie-blanche","status":"publish","type":"page","link":"https:\/\/poulesoieclubdefrance.fr\/index.php\/la-poule-soie-blanche\/","title":{"rendered":"La Poule Soie blanche"},"content":{"rendered":"\n<div style=\"height:23px\" aria-hidden=\"true\" class=\"wp-block-spacer\"><\/div>\n\n\n\n<h1 class=\"wp-block-heading has-text-align-center has-neve-link-hover-color-color has-text-color has-link-color wp-elements-e715288a2cacd98997562b06b221189e\">La Poule Soie blanche<\/h1>\n\n\n\n<div style=\"height:20px\" aria-hidden=\"true\" class=\"wp-block-spacer\"><\/div>\n\n\n\n<div class=\"wp-block-columns box-shadow has-border-color is-layout-flex wp-container-core-columns-is-layout-e8d4300d wp-block-columns-is-layout-flex\" style=\"border-color:var(--nv-primary-accent);border-radius:10px;padding-top:15px;padding-right:5px;padding-bottom:15px;padding-left:5px\">\n<div class=\"wp-block-column is-layout-flow wp-block-column-is-layout-flow\" style=\"flex-basis:50%\"><div class=\"wp-block-image img-shadow\">\n<figure class=\"aligncenter size-full is-resized has-custom-border\"><img loading=\"lazy\" decoding=\"async\" width=\"245\" height=\"288\" src=\"https:\/\/poulesoieclubdefrance.fr\/wp-content\/uploads\/2025\/07\/coq-poule-blanche.png\" alt=\"\" class=\"wp-image-777\" style=\"border-radius:10px;width:265px;height:auto\"\/><\/figure>\n<\/div>\n\n\n<div style=\"height:27px\" aria-hidden=\"true\" class=\"wp-block-spacer\"><\/div>\n\n\n\n<div class=\"wp-block-buttons is-content-justification-center is-layout-flex wp-container-core-buttons-is-layout-16018d1d wp-block-buttons-is-layout-flex\">\n<div class=\"wp-block-button\"><a class=\"wp-block-button__link has-text-align-center wp-element-button\" href=\"https:\/\/poulesoieclubdefrance.fr\/index.php\/les-coloris\/\">Voir d&rsquo;autres coloris<\/a><\/div>\n<\/div>\n<\/div>\n\n\n\n<div class=\"wp-block-column is-layout-flow wp-block-column-is-layout-flow\" style=\"flex-basis:50%\">\n<h2 class=\"wp-block-heading has-nv-c-2-color has-text-color has-link-color wp-elements-01f643d60655c57a07628e5dee06c1ce\">Caract\u00e9ristiques<\/h2>\n\n\n\n<ul class=\"wp-block-list\">\n<li><strong>Peau<\/strong> : noire<\/li>\n\n\n\n<li><strong>Couleur<\/strong> : blanc le plus pur et immacul\u00e9<\/li>\n\n\n\n<li><strong>Yeux<\/strong> : fonc\u00e9s<\/li>\n\n\n\n<li><strong>Oreillons<\/strong> : bleu turquoise<\/li>\n\n\n\n<li><strong>Poussins<\/strong> : blanc \u00e0 jaune<\/li>\n\n\n\n<li><strong>G\u00e8nes <\/strong>: \u00ab&nbsp;c&nbsp;\u00bb r\u00e9cessif ou \u00ab&nbsp;I&nbsp;\u00bb homozygote<\/li>\n<\/ul>\n<\/div>\n<\/div>\n\n\n\n<div class=\"wp-block-columns is-layout-flex wp-container-core-columns-is-layout-9d6595d7 wp-block-columns-is-layout-flex\">\n<div class=\"wp-block-column is-layout-flow wp-block-column-is-layout-flow\">\n<p>La Poule Soie blanche est une des vari\u00e9t\u00e9s les plus r\u00e9pandues et \u00ab&nbsp;valeur s\u00fbre&nbsp;\u00bb de la race.<\/p>\n\n\n\n<p>D\u2019un point de vue g\u00e9n\u00e9tique, il existe plusieurs types de blanc. Le blanc dominant et le blanc r\u00e9cessif, le plus r\u00e9pandu . Le blanc agit comme un masque par rapport aux autres couleurs et derri\u00e8re un sujet blanc, se cache souvent autre chose.<\/p>\n\n\n\n<p>Pour le blanc, on recherchera un blanc pur immacul\u00e9. Les reflets couleur jaune paille sont les plus fr\u00e9quents et sont \u00e0 \u00e9viter. Ils peuvent avoir plusieurs causes, pour les supprimer on surveillera plusieurs crit\u00e8res&nbsp;: la s\u00e9lection des reproducteurs, la propret\u00e9 des parcs et des parcours, l\u2019exc\u00e8s d\u2019exposition au soleil et la nourriture, notamment le ma\u00efs.&nbsp;<\/p>\n\n\n<div class=\"wp-block-image\">\n<figure class=\"aligncenter size-full is-resized\"><img loading=\"lazy\" decoding=\"async\" width=\"557\" height=\"70\" src=\"https:\/\/poulesoieclubdefrance.fr\/wp-content\/uploads\/2025\/06\/poule-serie-trans.png\" alt=\"\" class=\"wp-image-408\" style=\"width:255px;height:auto\" srcset=\"https:\/\/poulesoieclubdefrance.fr\/wp-content\/uploads\/2025\/06\/poule-serie-trans.png 557w, https:\/\/poulesoieclubdefrance.fr\/wp-content\/uploads\/2025\/06\/poule-serie-trans-300x38.png 300w\" sizes=\"auto, (max-width: 557px) 100vw, 557px\" \/><\/figure>\n<\/div>\n\n\n<div style=\"height:35px\" aria-hidden=\"true\" class=\"wp-block-spacer\"><\/div>\n<\/div>\n<\/div>\n\n\n\n<div class=\"wp-block-columns fond-centre-plume box-shadow has-nv-c-1-background-color has-background is-layout-flex wp-container-core-columns-is-layout-9d6595d7 wp-block-columns-is-layout-flex\" style=\"border-radius:10px\">\n<div class=\"wp-block-column is-layout-flow wp-block-column-is-layout-flow\">\n<h2 class=\"wp-block-heading has-nv-c-2-color has-text-color has-link-color wp-elements-542bb9295770060e7249531eac5fa5de\">L&rsquo;adulte<\/h2>\n\n\n\n<div class=\"wp-block-columns is-layout-flex wp-container-core-columns-is-layout-9d6595d7 wp-block-columns-is-layout-flex\">\n<div class=\"wp-block-column is-layout-flow wp-block-column-is-layout-flow\">\n<p class=\"has-text-align-center has-neve-link-hover-color-color has-text-color has-link-color has-medium-font-size wp-elements-68d1b8eb6bcd58b2824e944a74b9b0ca\">La poule<\/p>\n\n\n<div class=\"wp-block-image img-shadow\">\n<figure class=\"aligncenter size-full is-resized has-custom-border\"><img loading=\"lazy\" decoding=\"async\" width=\"679\" height=\"800\" src=\"https:\/\/poulesoieclubdefrance.fr\/wp-content\/uploads\/2025\/06\/FB_IMG_1733471868109.jpg\" alt=\"\" class=\"wp-image-306\" style=\"border-radius:10px;width:245px\" srcset=\"https:\/\/poulesoieclubdefrance.fr\/wp-content\/uploads\/2025\/06\/FB_IMG_1733471868109.jpg 679w, https:\/\/poulesoieclubdefrance.fr\/wp-content\/uploads\/2025\/06\/FB_IMG_1733471868109-255x300.jpg 255w\" sizes=\"auto, (max-width: 679px) 100vw, 679px\" \/><\/figure>\n<\/div><\/div>\n\n\n\n<div class=\"wp-block-column is-layout-flow wp-block-column-is-layout-flow\">\n<p class=\"has-text-align-center has-neve-link-hover-color-color has-text-color has-link-color has-medium-font-size wp-elements-1fca6e071f8a47c9af95c5ad0888c9dc\">Le coq<\/p>\n\n\n<div class=\"wp-block-image img-shadow\">\n<figure class=\"aligncenter size-full is-resized has-custom-border\"><img loading=\"lazy\" decoding=\"async\" width=\"245\" height=\"288\" src=\"https:\/\/poulesoieclubdefrance.fr\/wp-content\/uploads\/2025\/07\/coq-blanc-retouch-g.png\" alt=\"\" class=\"wp-image-774\" style=\"border-radius:10px;width:245px\"\/><\/figure>\n<\/div><\/div>\n<\/div>\n\n\n\n<h3 class=\"wp-block-heading has-neve-link-color-color has-text-color has-link-color wp-elements-3bf3d06828edf0c9abd8f9b17df5b19f\">&nbsp;Blanc r\u00e9cessif&nbsp;<\/h3>\n\n\n\n<p>La plupart des sujets blancs que nous avons dans nos \u00e9levages sont des blancs r\u00e9cessifs \u00ab&nbsp;c&nbsp;\u00bb. Pour que le blanc r\u00e9cessif s\u2019exprime, il faut que les deux parents transmettent le g\u00e8ne \u00ab&nbsp;c&nbsp;\u00bb. Le g\u00e8ne \u00ab&nbsp;c&nbsp;\u00bbsera alors sous sa forme homozygote \u00ab&nbsp;c\/c&nbsp;\u00bb et le sujet sera blanc. Sinon, c\u2019est la couleur cach\u00e9e derri\u00e8re le blanc qui prendra le dessus. Ce qui donne des r\u00e9sultats tr\u00e8s al\u00e9atoire\u2026<\/p>\n\n\n\n<h3 class=\"wp-block-heading has-neve-link-color-color has-text-color has-link-color wp-elements-3bf436d7482bf161fb906cfcfecd95c5\">&nbsp; Blanc dominant&nbsp;<\/h3>\n\n\n\n<p>A l\u2019inverse, les sujets blanc dominant \u00ab&nbsp;I&nbsp;\u00bb seront visiblement blancs \u00e0 partir du moment o\u00f9 ils seront porteurs de ce g\u00e8ne.&nbsp;<\/p>\n\n\n\n<p>Ils seront soit blanc tachet\u00e9 si le g\u00e8ne \u00ab&nbsp;I&nbsp;\u00bb est sous sa forme h\u00e9t\u00e9rozygote, soit totalement blanc si le g\u00e8ne est sous sa forme homozygote \u00ab&nbsp;I\/I&nbsp;\u00bb (transmis par les deux parent et donc pur).<\/p>\n\n\n\n<p>A l\u2019exception du blanc dominant qui peut \u00eatre crois\u00e9 avec du noir pour obtenir la vari\u00e9t\u00e9 blanche tachet\u00e9 noir, le blanc ne devra donc logiquement \u00eatre \u00ab&nbsp;travaill\u00e9&nbsp;\u00bb qu\u2019avec du blanc.<\/p>\n<\/div>\n<\/div>\n\n\n\n<div class=\"wp-block-columns is-layout-flex wp-container-core-columns-is-layout-9d6595d7 wp-block-columns-is-layout-flex\">\n<div class=\"wp-block-column is-layout-flow wp-block-column-is-layout-flow\"><div class=\"wp-block-image\">\n<figure class=\"aligncenter size-full is-resized\"><img loading=\"lazy\" decoding=\"async\" width=\"557\" height=\"70\" src=\"https:\/\/poulesoieclubdefrance.fr\/wp-content\/uploads\/2025\/06\/poule-serie-trans.png\" alt=\"\" class=\"wp-image-408\" style=\"width:255px\" srcset=\"https:\/\/poulesoieclubdefrance.fr\/wp-content\/uploads\/2025\/06\/poule-serie-trans.png 557w, https:\/\/poulesoieclubdefrance.fr\/wp-content\/uploads\/2025\/06\/poule-serie-trans-300x38.png 300w\" sizes=\"auto, (max-width: 557px) 100vw, 557px\" \/><\/figure>\n<\/div>\n\n\n<div style=\"height:35px\" aria-hidden=\"true\" class=\"wp-block-spacer\"><\/div>\n\n\n\n<h2 class=\"wp-block-heading has-nv-c-2-color has-text-color has-link-color wp-elements-8e817732d809d77d18e9179780f802ae\">Le poussin<\/h2>\n\n\n<div class=\"wp-block-image img-shadow\">\n<figure class=\"aligncenter size-full is-resized has-custom-border\"><img loading=\"lazy\" decoding=\"async\" width=\"617\" height=\"400\" src=\"https:\/\/poulesoieclubdefrance.fr\/wp-content\/uploads\/2025\/07\/poussin-blanc.png\" alt=\"\" class=\"wp-image-647\" style=\"border-radius:10px;width:450px\" srcset=\"https:\/\/poulesoieclubdefrance.fr\/wp-content\/uploads\/2025\/07\/poussin-blanc.png 617w, https:\/\/poulesoieclubdefrance.fr\/wp-content\/uploads\/2025\/07\/poussin-blanc-300x194.png 300w\" sizes=\"auto, (max-width: 617px) 100vw, 617px\" \/><\/figure>\n<\/div>\n\n\n<div style=\"height:30px\" aria-hidden=\"true\" class=\"wp-block-spacer\"><\/div>\n\n\n\n<p>La peau, les yeux, le bec et les ornements naissants seront noirs et donc conformes au standard des sujets blancs adultes. Le blanc dominant et le blanc r\u00e9cessif sont g\u00e9n\u00e9tiquement diff\u00e9rents, mais il est impossible de faire la diff\u00e9rence au visuel sur les poussins.<\/p>\n\n\n\n<h3 class=\"wp-block-heading has-neve-link-color-color has-text-color has-link-color wp-elements-3bf3d06828edf0c9abd8f9b17df5b19f\">&nbsp;Blanc r\u00e9cessif&nbsp;<\/h3>\n\n\n\n<p class=\"fond-poussin-bas-droite-petit\">C\u2019est donc le blanc le plus r\u00e9pandu chez la Poule Soie. Quand il est pr\u00e9sent sous sa forme homozygote, le poussin est \u00e9galement totalement blanch\u00e2tre \u00e0 jaune qui \u00e9voluera vers un coloris blanc d\u00e8s que les plumes pousseront.&nbsp;La peau, les yeux, le bec et les ornements naissants seront noirs et donc conformes au standard des sujets blancs adultes. Le blanc dominant et le blanc r\u00e9cessif sont g\u00e9n\u00e9tiquement diff\u00e9rents, mais il est impossible de faire la diff\u00e9rence au visuel sur les poussins.<\/p>\n\n\n\n<h3 class=\"wp-block-heading has-neve-link-color-color has-text-color has-link-color wp-elements-3bf436d7482bf161fb906cfcfecd95c5\">&nbsp; Blanc dominant&nbsp;<\/h3>\n\n\n\n<p>A partir du moment o\u00f9 le g\u00e8ne \u00ab&nbsp;I&nbsp;\u00bb est pr\u00e9sent sur le poussin, le caract\u00e8re dominant fait qu\u2019il s\u2019exprime. La couleur du poussin pourra varier du blanch\u00e2tre au jaune clair. Malgr\u00e9 les diff\u00e9rentes teintes qu\u2019on peut observer sur les poussins, il \u00e9voluera ensuite vers un coloris blanc d\u00e8s que le duvet du poussin sera remplac\u00e9 par ses plumes. Une fois adulte, toutes ces nuances dispara\u00eetront et plus rien ne les distinguera.<\/p>\n\n\n<div class=\"wp-block-image\">\n<figure class=\"aligncenter size-full is-resized\"><img loading=\"lazy\" decoding=\"async\" width=\"557\" height=\"70\" src=\"https:\/\/poulesoieclubdefrance.fr\/wp-content\/uploads\/2025\/06\/poule-serie-trans.png\" alt=\"\" class=\"wp-image-408\" style=\"width:255px\" srcset=\"https:\/\/poulesoieclubdefrance.fr\/wp-content\/uploads\/2025\/06\/poule-serie-trans.png 557w, https:\/\/poulesoieclubdefrance.fr\/wp-content\/uploads\/2025\/06\/poule-serie-trans-300x38.png 300w\" sizes=\"auto, (max-width: 557px) 100vw, 557px\" \/><\/figure>\n<\/div>\n\n\n<div style=\"height:35px\" aria-hidden=\"true\" class=\"wp-block-spacer\"><\/div>\n<\/div>\n<\/div>\n\n\n\n<div class=\"wp-block-columns fond-bas-droite-nid box-shadow has-border-color is-layout-flex wp-container-core-columns-is-layout-195e6a4c wp-block-columns-is-layout-flex\" style=\"border-color:var(--nv-c-2);border-style:solid;border-radius:10px;padding-top:20px;padding-right:20px;padding-bottom:20px;padding-left:20px\">\n<div class=\"wp-block-column is-layout-flow wp-block-column-is-layout-flow\">\n<h2 class=\"wp-block-heading has-nv-c-2-color has-text-color has-link-color wp-elements-c4f625ef44ef00eb150b0e21d9bf0fa4\">Les d\u00e9fauts<\/h2>\n\n\n\n<p><strong>Trace d\u2019autre couleur dans le plumage.<\/strong><\/p>\n<\/div>\n<\/div>\n\n\n\n<p><\/p>\n","protected":false},"excerpt":{"rendered":"<p>La Poule Soie blanche Caract\u00e9ristiques La Poule Soie blanche est une des vari\u00e9t\u00e9s les plus r\u00e9pandues et \u00ab&nbsp;valeur s\u00fbre&nbsp;\u00bb de la race. D\u2019un point de vue g\u00e9n\u00e9tique, il existe plusieurs&hellip;&nbsp;<a href=\"https:\/\/poulesoieclubdefrance.fr\/index.php\/la-poule-soie-blanche\/\" rel=\"bookmark\"><span class=\"screen-reader-text\">La Poule Soie blanche<\/span><\/a><\/p>\n","protected":false},"author":3,"featured_media":0,"parent":0,"menu_order":0,"comment_status":"closed","ping_status":"closed","template":"","meta":{"neve_meta_sidebar":"","neve_meta_container":"","neve_meta_enable_content_width":"","neve_meta_content_width":0,"neve_meta_title_alignment":"","neve_meta_author_avatar":"","neve_post_elements_order":"","neve_meta_disable_header":"","neve_meta_disable_footer":"","neve_meta_disable_title":"on","footnotes":""},"class_list":["post-207","page","type-page","status-publish","hentry"],"_links":{"self":[{"href":"https:\/\/poulesoieclubdefrance.fr\/index.php\/wp-json\/wp\/v2\/pages\/207","targetHints":{"allow":["GET"]}}],"collection":[{"href":"https:\/\/poulesoieclubdefrance.fr\/index.php\/wp-json\/wp\/v2\/pages"}],"about":[{"href":"https:\/\/poulesoieclubdefrance.fr\/index.php\/wp-json\/wp\/v2\/types\/page"}],"author":[{"embeddable":true,"href":"https:\/\/poulesoieclubdefrance.fr\/index.php\/wp-json\/wp\/v2\/users\/3"}],"replies":[{"embeddable":true,"href":"https:\/\/poulesoieclubdefrance.fr\/index.php\/wp-json\/wp\/v2\/comments?post=207"}],"version-history":[{"count":50,"href":"https:\/\/poulesoieclubdefrance.fr\/index.php\/wp-json\/wp\/v2\/pages\/207\/revisions"}],"predecessor-version":[{"id":1325,"href":"https:\/\/poulesoieclubdefrance.fr\/index.php\/wp-json\/wp\/v2\/pages\/207\/revisions\/1325"}],"wp:attachment":[{"href":"https:\/\/poulesoieclubdefrance.fr\/index.php\/wp-json\/wp\/v2\/media?parent=207"}],"curies":[{"name":"wp","href":"https:\/\/api.w.org\/{rel}","templated":true}]}}