{"id":1298,"date":"2025-09-11T18:10:35","date_gmt":"2025-09-11T16:10:35","guid":{"rendered":"https:\/\/poulesoieclubdefrance.fr\/?page_id=1298"},"modified":"2025-10-24T21:35:56","modified_gmt":"2025-10-24T19:35:56","slug":"mentions-legales","status":"publish","type":"page","link":"https:\/\/poulesoieclubdefrance.fr\/index.php\/mentions-legales\/","title":{"rendered":"Mentions l\u00e9gales, Politique de confidentialit\u00e9 et CGU"},"content":{"rendered":"\n<div class=\"wp-block-columns is-layout-flex wp-container-core-columns-is-layout-9d6595d7 wp-block-columns-is-layout-flex\">\n<div class=\"wp-block-column fond-centre is-layout-flow wp-block-column-is-layout-flow\">\n<h1 class=\"wp-block-heading has-nv-c-2-color has-text-color has-link-color wp-elements-2e5e6de75b25845c46356ee0849ea851\"><strong>Mentions l\u00e9gales<\/strong>, Politique de confidentialit\u00e9 et CGU<\/h1>\n\n\n\n<h2 class=\"wp-block-heading has-neve-link-color-color has-text-color has-link-color wp-elements-4e601ad95d5977c75e1193dd3245f8f0\" id=\"mentionslegales\">Mentions l\u00e9gales<\/h2>\n\n\n\n<h3 class=\"wp-block-heading has-neve-link-hover-color-color has-text-color has-link-color wp-elements-577a2afa37d30b5e3207d2836d327ba9\"><strong>\u00c9diteur du site<\/strong><\/h3>\n\n\n\n<p><br>Nom \/ Raison sociale : <strong>Poule Soie Club France<\/strong><br>Statut juridique : <strong> Association loi 1901<\/strong><br>Adresse : <strong>34, Rue Victor Hugo, 81400 SAINT BENOIT DE CARMAUX<br><\/strong>E-mail : <strong>secretariatpscf@gmail.com<\/strong><br>Responsable de la publication : <strong>Philippe Vergnes<\/strong><\/p>\n\n\n\n<h3 class=\"wp-block-heading has-neve-link-hover-color-color has-text-color has-link-color wp-elements-fb446668398845928924ba2c930f4695\"><strong>H\u00e9bergement<\/strong><\/h3>\n\n\n\n<p>Le site est h\u00e9berg\u00e9 par :<br><strong>OVHcloud<\/strong><br>2 rue Kellermann<br>59100 Roubaix \u2013 France<br>T\u00e9l\u00e9phone : +33 9 72 10 10 07<br>Site web : <a>https:\/\/www.ovhcloud.com<\/a><\/p>\n\n\n\n<p><\/p>\n\n\n\n<h3 class=\"wp-block-heading has-neve-link-hover-color-color has-text-color has-link-color wp-elements-f5e2dd84e7f89ae6dcb8177aaccfafd7\"><strong>Propri\u00e9t\u00e9 intellectuelle<\/strong><\/h3>\n\n\n\n<p>L\u2019ensemble du contenu pr\u00e9sent sur ce site (textes, images, graphismes, logos, vid\u00e9os, etc.) est prot\u00e9g\u00e9 par le droit d\u2019auteur.<br>Toute reproduction, repr\u00e9sentation, modification, publication, transmission, d\u00e9naturation, totale ou partielle du site ou de son contenu, par quelque proc\u00e9d\u00e9 que ce soit, et sur quelque support que ce soit, est interdite sans autorisation \u00e9crite pr\u00e9alable de l\u2019\u00e9diteur.<\/p>\n\n\n\n<h3 class=\"wp-block-heading has-neve-link-hover-color-color has-text-color has-link-color wp-elements-ccb824807a8ab79ca126e6ad15855efc\"><strong>Donn\u00e9es personnelles (RGPD)<\/strong><\/h3>\n\n\n\n<p>Les informations recueillies via les formulaires de contact sont enregistr\u00e9es par PSCF pour r\u00e9pondre \u00e0 une demande, faire les adh\u00e9sions et passer des commandes.<br>Conform\u00e9ment au R\u00e8glement G\u00e9n\u00e9ral sur la Protection des Donn\u00e9es (RGPD) et \u00e0 la Loi Informatique et Libert\u00e9s, vous pouvez exercer votre droit d\u2019acc\u00e8s, de rectification ou de suppression de vos donn\u00e9es en nous contactant \u00e0 secretariatpscf@gmail.com.<\/p>\n\n\n\n<p>Les donn\u00e9es personnelles ne sont ni c\u00e9d\u00e9es ni revendues \u00e0 des tiers.<\/p>\n\n\n\n<h3 class=\"wp-block-heading has-neve-link-hover-color-color has-text-color has-link-color wp-elements-78ac3865c4b0d7770e8832bf31e88cb6\"><strong>Cookies<\/strong><\/h3>\n\n\n\n<p>Ce site utilise des cookies n\u00e9cessaires \u00e0 son bon fonctionnement. Vous pouvez configurer votre navigateur pour les refuser.<\/p>\n\n\n\n<h3 class=\"wp-block-heading has-neve-link-hover-color-color has-text-color has-link-color wp-elements-7079103daa98ee3f5d4d8cbb7463e52d\"><strong>Droit applicable<\/strong><\/h3>\n\n\n\n<p>Les pr\u00e9sentes mentions l\u00e9gales sont soumises au droit fran\u00e7ais. En cas de litige, et \u00e0 d\u00e9faut d\u2019accord amiable, les tribunaux fran\u00e7ais seront seuls comp\u00e9tents.<\/p>\n\n\n\n<p><strong>Date de derni\u00e8re mise \u00e0 jour :<\/strong> septembre 2025.<\/p>\n<\/div>\n<\/div>\n\n\n\n<h2 class=\"wp-block-heading has-neve-link-color-color has-text-color has-link-color wp-elements-165bed7dd431c8da9d21358f92795c91\" id=\"politiquedeconfidentialite\">Politique de confidentialit\u00e9<\/h2>\n\n\n\n<h3 class=\"wp-block-heading has-neve-link-hover-color-color has-text-color has-link-color wp-elements-1ca576a11fd838d8f3f3948ca8d410cc\">Responsable du traitement<\/h3>\n\n\n\n<p><strong>Poule Soie Club de France<\/strong> \u2014 Contact : <a>secretariatpscf@gmail.com<\/a><br>Adresse : 34, Rue Victor Hugo, 81400 SAINT BENOIT DE CARMAUX<\/p>\n\n\n\n<h3 class=\"wp-block-heading has-neve-link-hover-color-color has-text-color has-link-color wp-elements-4500fb8ec1cd78fe0015e7fb0585da5a\">Finalit\u00e9s des traitements<\/h3>\n\n\n\n<p>Les donn\u00e9es collect\u00e9es sur le site sont utilis\u00e9es exclusivement pour :<\/p>\n\n\n\n<ul class=\"wp-block-list fond-coq-poule-bas-droite\">\n<li>La gestion des <strong>adh\u00e9sions<\/strong> au club ;<\/li>\n\n\n\n<li>La <strong>prise de commandes d\u2019articles<\/strong> (ex. bagues, autres articles) et gestion logistique associ\u00e9e ;<\/li>\n\n\n\n<li>La gestion des <strong>inscriptions au Championnat de France<\/strong> ;<\/li>\n\n\n\n<li>R\u00e9pondre aux <strong>demandes de contact<\/strong> re\u00e7ues via le site (formulaire \/ e-mail).<\/li>\n<\/ul>\n\n\n\n<p><em>(Aucune collecte de donn\u00e9es \u00e0 des fins statistiques ou marketing automatis\u00e9 n\u2019est effectu\u00e9e par le site \u2014 pas d\u2019outil d\u2019analyse tel que Google Analytics en service).<\/em><\/p>\n\n\n\n<h3 class=\"wp-block-heading has-neve-link-hover-color-color has-text-color has-link-color wp-elements-8651f77c4d208d6ed0bfdd14659e0edb\">Cat\u00e9gories de donn\u00e9es collect\u00e9es<\/h3>\n\n\n\n<ul class=\"wp-block-list\">\n<li>Donn\u00e9es d\u2019identification : nom, pr\u00e9nom.<\/li>\n\n\n\n<li>Donn\u00e9es de contact : adresse e-mail, t\u00e9l\u00e9phone.<\/li>\n\n\n\n<li>Donn\u00e9es n\u00e9cessaires aux commandes \/ inscriptions : adresse postale, d\u00e9tails de commande, informations n\u00e9cessaires \u00e0 la participation au championnat (selon formulaire).<\/li>\n\n\n\n<li>Donn\u00e9es techniques minimales n\u00e9cessaires au fonctionnement (logs serveur pour la s\u00e9curit\u00e9).<\/li>\n<\/ul>\n\n\n\n<h3 class=\"wp-block-heading has-neve-link-hover-color-color has-text-color has-link-color wp-elements-a0c1d654249496f2d6c4445925e986c9\">Base juridique<\/h3>\n\n\n\n<ul class=\"wp-block-list\">\n<li>Ex\u00e9cution d\u2019un contrat ou mesures pr\u00e9contractuelles (adh\u00e9sions, commandes, inscriptions).<\/li>\n\n\n\n<li>Consentement explicite pour l\u2019envoi d\u2019informations quand cela est n\u00e9cessaire.<\/li>\n<\/ul>\n\n\n\n<h3 class=\"wp-block-heading has-neve-link-hover-color-color has-text-color has-link-color wp-elements-c4181fba7835b628483f6b6c19e73bec\">Destinataires des donn\u00e9es<\/h3>\n\n\n\n<p>Les donn\u00e9es sont accessibles uniquement aux personnes habilit\u00e9es au sein de Poule Soie Club de France et, si n\u00e9cessaire, au prestataire d\u2019h\u00e9bergement et de contenu du site internet pour les aspects techniques.<\/p>\n\n\n\n<h3 class=\"wp-block-heading has-neve-link-hover-color-color has-text-color has-link-color wp-elements-dea91aea8a2070e565bfa2288050a232\">Dur\u00e9e de conservation <\/h3>\n\n\n\n<ul class=\"wp-block-list\">\n<li>Donn\u00e9es li\u00e9es aux adh\u00e9sions : <strong>5 ans<\/strong> (conservation pour suivi administratif\/comptable) ;<\/li>\n\n\n\n<li>Donn\u00e9es li\u00e9es aux commandes (facturation) : <strong>5 ans<\/strong> (obligations comptables) ;<\/li>\n\n\n\n<li>Donn\u00e9es d\u2019inscriptions aux championnats : <strong>3 ans<\/strong> ;<\/li>\n\n\n\n<li>Donn\u00e9es de contact issues du formulaire : <strong>24 mois<\/strong> apr\u00e8s le dernier \u00e9change si pas de relation contractuelle.<\/li>\n<\/ul>\n\n\n\n<h3 class=\"wp-block-heading has-neve-link-hover-color-color has-text-color has-link-color wp-elements-14a7aa2f84a777efe5e1023884aafa62\">S\u00e9curit\u00e9<\/h3>\n\n\n\n<p>Poule Soie Club de France met en \u0153uvre des mesures techniques et organisationnelles adapt\u00e9es pour prot\u00e9ger les donn\u00e9es contre la perte, l\u2019acc\u00e8s non autoris\u00e9 ou la divulgation.<\/p>\n\n\n\n<h3 class=\"wp-block-heading has-neve-link-hover-color-color has-text-color has-link-color wp-elements-822e5efceb7fb8673de7887cf0b80bf2\">Cookies<\/h3>\n\n\n\n<ul class=\"wp-block-list\">\n<li>Le site n\u2019utilise <strong>pas de cookies d\u2019analyse\/statistiques<\/strong>.<\/li>\n\n\n\n<li>Des cookies techniques n\u00e9cessaires au fonctionnement (connexion admin, gestion de session) peuvent \u00eatre pr\u00e9sents.<\/li>\n<\/ul>\n\n\n\n<h3 class=\"wp-block-heading has-neve-link-hover-color-color has-text-color has-link-color wp-elements-ba5582b9ac11c7c3f026dfe9cbb97af5\">Droits des personnes<\/h3>\n\n\n\n<p>Conform\u00e9ment au RGPD, vous disposez d\u2019un droit d\u2019acc\u00e8s, de rectification, d\u2019effacement, d\u2019opposition, de limitation et de portabilit\u00e9. Pour exercer ces droits : <a>secretariatpscf@gmail.com<\/a>. Vous pouvez \u00e9galement saisir la CNIL en cas de litige. <a href=\"https:\/\/www.cnil.fr\/fr\/conformite-rgpd-information-des-personnes-et-transparence?utm_source=chatgpt.com\" target=\"_blank\" rel=\"noreferrer noopener\"><\/a><\/p>\n\n\n\n<p><strong>Date de derni\u00e8re mise \u00e0 jour :<\/strong> Septembre 2025<\/p>\n\n\n\n<h2 class=\"wp-block-heading has-neve-link-color-color has-text-color has-link-color wp-elements-1d221786eb0ec7ad9215ae32a4393e86\" id=\"cgu\">Conditions G\u00e9n\u00e9rales d&rsquo;Utilisation (CGU)<\/h2>\n\n\n\n<h3 class=\"wp-block-heading has-neve-link-hover-color-color has-text-color has-link-color wp-elements-7f340b3e9dbefc4081bb7760d22bc4d7\">Article 1 \u2014 Objet<\/h3>\n\n\n\n<p>Les pr\u00e9sentes CGU d\u00e9finissent les conditions d\u2019acc\u00e8s et d\u2019utilisation du site <a href=\"https:\/\/poulesoieclubdefrance.fr\/\">https:\/\/poulesoieclubdefrance.fr\/<\/a><\/p>\n\n\n\n<h3 class=\"wp-block-heading has-neve-link-hover-color-color has-text-color has-link-color wp-elements-a81aed28e57912e802b432f1b6093abb\">Article 2 \u2014 Acc\u00e8s au site<\/h3>\n\n\n\n<p>L\u2019acc\u00e8s au Site est gratuit. L\u2019\u00e9diteur peut interrompre, suspendre ou limiter l\u2019acc\u00e8s pour maintenance ou raisons techniques.<\/p>\n\n\n\n<h3 class=\"wp-block-heading has-neve-link-hover-color-color has-text-color has-link-color wp-elements-cba06efbed45151a5296dba087c5739b\">Article 3 \u2014 Services propos\u00e9s<\/h3>\n\n\n\n<p class=\"fond-poussin-bas-droite-petit-petit\">Le Site permet notamment : pr\u00e9sentation de l\u2019association, standard et caract\u00e9ristiques des Poule Soie, gestion des adh\u00e9sions, commandes d\u2019articles (bagues, etc.), inscriptions aux championnats et contact.<\/p>\n\n\n\n<h3 class=\"wp-block-heading has-neve-link-hover-color-color has-text-color has-link-color wp-elements-1375db5b357ece73fdac6d1aebefde66\">Article 4 \u2014 Responsabilit\u00e9s<\/h3>\n\n\n\n<p>Les informations publi\u00e9es sont indicatives. Poule Soie Club de France ne saurait \u00eatre tenu responsable des cons\u00e9quences d\u2019une mauvaise utilisation du Site ou d\u2019un dysfonctionnement temporaire.<\/p>\n\n\n\n<h3 class=\"wp-block-heading has-neve-link-hover-color-color has-text-color has-link-color wp-elements-9c7cba4356a42b4c9a36963143e063f6\">Article 5 \u2014 Propri\u00e9t\u00e9 intellectuelle<\/h3>\n\n\n\n<p>Tous les contenus pr\u00e9sents sur le Site (textes, images, logos, etc.) sont prot\u00e9g\u00e9s. Toute reproduction est interdite sans autorisation pr\u00e9alable.<\/p>\n\n\n\n<h3 class=\"wp-block-heading has-neve-link-hover-color-color has-text-color has-link-color wp-elements-b8da6fec288cd4f101ec7f674cb6badb\">Article 6 \u2014 Donn\u00e9es personnelles<\/h3>\n\n\n\n<p>Les donn\u00e9es personnelles collect\u00e9es sont trait\u00e9es conform\u00e9ment \u00e0 la <strong><a href=\"https:\/\/poulesoieclubdefrance.fr\/index.php\/mentions-legales#politiquedeconfidentialite\">Politique de confidentialit\u00e9<\/a><\/strong> disponible sur le Site.<\/p>\n\n\n\n<h3 class=\"wp-block-heading has-neve-link-hover-color-color has-text-color has-link-color wp-elements-b90d4365eb2643a8d55f294c4897a550\">Article 7 \u2014 Modification des CGU<\/h3>\n\n\n\n<p>L\u2019\u00e9diteur se r\u00e9serve le droit de modifier les CGU. Les utilisateurs sont invit\u00e9s \u00e0 les consulter r\u00e9guli\u00e8rement.<\/p>\n\n\n\n<h3 class=\"wp-block-heading has-neve-link-hover-color-color has-text-color has-link-color wp-elements-82e67e2468e7d48b9735b6f0b397da45\">Article 8 \u2014 Loi applicable<\/h3>\n\n\n\n<p>Les pr\u00e9sentes CGU sont r\u00e9gies par le droit fran\u00e7ais. En cas de litige, les tribunaux fran\u00e7ais seront comp\u00e9tents.<\/p>\n\n\n\n<p><strong>Date de derni\u00e8re mise \u00e0 jour :<\/strong> Septembre 2025.<\/p>\n","protected":false},"excerpt":{"rendered":"<p>Mentions l\u00e9gales, Politique de confidentialit\u00e9 et CGU Mentions l\u00e9gales \u00c9diteur du site Nom \/ Raison sociale : Poule Soie Club FranceStatut juridique : Association loi 1901Adresse : 34, Rue Victor&hellip;&nbsp;<a href=\"https:\/\/poulesoieclubdefrance.fr\/index.php\/mentions-legales\/\" rel=\"bookmark\"><span class=\"screen-reader-text\">Mentions l\u00e9gales, Politique de confidentialit\u00e9 et CGU<\/span><\/a><\/p>\n","protected":false},"author":3,"featured_media":0,"parent":0,"menu_order":0,"comment_status":"closed","ping_status":"closed","template":"","meta":{"neve_meta_sidebar":"","neve_meta_container":"","neve_meta_enable_content_width":"","neve_meta_content_width":0,"neve_meta_title_alignment":"","neve_meta_author_avatar":"","neve_post_elements_order":"","neve_meta_disable_header":"","neve_meta_disable_footer":"","neve_meta_disable_title":"on","footnotes":""},"class_list":["post-1298","page","type-page","status-publish","hentry"],"_links":{"self":[{"href":"https:\/\/poulesoieclubdefrance.fr\/index.php\/wp-json\/wp\/v2\/pages\/1298","targetHints":{"allow":["GET"]}}],"collection":[{"href":"https:\/\/poulesoieclubdefrance.fr\/index.php\/wp-json\/wp\/v2\/pages"}],"about":[{"href":"https:\/\/poulesoieclubdefrance.fr\/index.php\/wp-json\/wp\/v2\/types\/page"}],"author":[{"embeddable":true,"href":"https:\/\/poulesoieclubdefrance.fr\/index.php\/wp-json\/wp\/v2\/users\/3"}],"replies":[{"embeddable":true,"href":"https:\/\/poulesoieclubdefrance.fr\/index.php\/wp-json\/wp\/v2\/comments?post=1298"}],"version-history":[{"count":16,"href":"https:\/\/poulesoieclubdefrance.fr\/index.php\/wp-json\/wp\/v2\/pages\/1298\/revisions"}],"predecessor-version":[{"id":1515,"href":"https:\/\/poulesoieclubdefrance.fr\/index.php\/wp-json\/wp\/v2\/pages\/1298\/revisions\/1515"}],"wp:attachment":[{"href":"https:\/\/poulesoieclubdefrance.fr\/index.php\/wp-json\/wp\/v2\/media?parent=1298"}],"curies":[{"name":"wp","href":"https:\/\/api.w.org\/{rel}","templated":true}]}}