{"id":1274,"date":"2025-09-11T15:57:45","date_gmt":"2025-09-11T13:57:45","guid":{"rendered":"https:\/\/poulesoieclubdefrance.fr\/?page_id=1274"},"modified":"2025-10-24T21:35:04","modified_gmt":"2025-10-24T19:35:04","slug":"nos-sponsors","status":"publish","type":"page","link":"https:\/\/poulesoieclubdefrance.fr\/index.php\/nos-sponsors\/","title":{"rendered":"Nos sponsors"},"content":{"rendered":"\n<div class=\"wp-block-columns is-layout-flex wp-container-core-columns-is-layout-9d6595d7 wp-block-columns-is-layout-flex\">\n<div class=\"wp-block-column is-layout-flow wp-block-column-is-layout-flow\">\n<h1 class=\"wp-block-heading has-nv-dark-bg-color has-text-color has-link-color wp-elements-190bda9a7f103e7681760429420645c5\">Nos sponsors <\/h1>\n\n\n\n<div style=\"height:35px\" aria-hidden=\"true\" class=\"wp-block-spacer\"><\/div>\n\n\n\n<h2 class=\"wp-block-heading has-nv-c-2-color has-text-color has-link-color has-x-large-font-size wp-elements-43abf5111b6fec6347fc2b92e023f286\">Insect heroes<\/h2>\n\n\n\n<p>C&rsquo;est une boutique sp\u00e9cialis\u00e9e dans la vente de produits de lutte biologique contre les nuisibles des plantes et des animaux. Insect Heroes commercialise des insectes auxiliaires pour le biocontr\u00f4le des ravageurs retrouv\u00e9s chez les animaux, les jardins, les potagers, les serres et les plantes d&rsquo;int\u00e9rieurs.<\/p>\n\n\n\n<p>Nous proposons \u00e0 nos adh\u00e9rents un code avantage &lsquo;POULESOIE2025&rsquo; qui permet d&rsquo;avoir une r\u00e9duction de 10% sur tous les articles.<\/p>\n\n\n\n<p>D\u00e9couvrez le site internet ici : <a href=\"https:\/\/www.insectheroes.fr\/\">https:\/\/www.insectheroes.fr\/<\/a><\/p>\n\n\n\n<h3 class=\"wp-block-heading has-neve-link-color-color has-text-color has-link-color wp-elements-4ed27cfe0064a2c0d672e90ba3dc409a\">Quelques articles de la boutique<\/h3>\n\n\n\n<div class=\"wp-block-columns are-vertically-aligned-bottom is-layout-flex wp-container-core-columns-is-layout-9d6595d7 wp-block-columns-is-layout-flex\">\n<div class=\"wp-block-column is-vertically-aligned-bottom actualite-card is-layout-flow wp-block-column-is-layout-flow\" style=\"border-radius:10px\">\n<figure class=\"wp-block-embed is-type-video is-provider-youtube wp-block-embed-youtube wp-embed-aspect-16-9 wp-has-aspect-ratio\"><div class=\"wp-block-embed__wrapper\">\n<div class=\"nv-iframe-embed\"><iframe loading=\"lazy\" title=\"Anti pou rouge naturel I Androlis\" width=\"1200\" height=\"675\" src=\"https:\/\/www.youtube.com\/embed\/bwhZy2KtSQc?feature=oembed\" frameborder=\"0\" allow=\"accelerometer; autoplay; clipboard-write; encrypted-media; gyroscope; picture-in-picture; web-share\" referrerpolicy=\"strict-origin-when-cross-origin\" allowfullscreen><\/iframe><\/div>\n<\/div><\/figure>\n\n\n\n<div style=\"height:5px\" aria-hidden=\"true\" class=\"wp-block-spacer wp-embed-aspect-16-9 wp-has-aspect-ratio\"><\/div>\n\n\n\n<p class=\"has-text-align-center wp-embed-aspect-16-9 wp-has-aspect-ratio\"><strong>L&rsquo;androlis<\/strong><br>pr\u00e9dateurs du poux rouges<\/p>\n<\/div>\n\n\n\n<div class=\"wp-block-column is-vertically-aligned-bottom actualite-card is-layout-flow wp-block-column-is-layout-flow\">\n<figure class=\"wp-block-embed is-type-video is-provider-youtube wp-block-embed-youtube wp-embed-aspect-16-9 wp-has-aspect-ratio\"><div class=\"wp-block-embed__wrapper\">\n<div class=\"nv-iframe-embed\"><iframe loading=\"lazy\" title=\"Solutions contre les poux rouges I Aliment compl\u00e9mentaire APPIC&#039;URE\" width=\"1200\" height=\"675\" src=\"https:\/\/www.youtube.com\/embed\/hD_eapJPXuY?feature=oembed\" frameborder=\"0\" allow=\"accelerometer; autoplay; clipboard-write; encrypted-media; gyroscope; picture-in-picture; web-share\" referrerpolicy=\"strict-origin-when-cross-origin\" allowfullscreen><\/iframe><\/div>\n<\/div><\/figure>\n\n\n\n<div style=\"height:5px\" aria-hidden=\"true\" class=\"wp-block-spacer wp-embed-aspect-16-9 wp-has-aspect-ratio\"><\/div>\n\n\n\n<p class=\"has-text-align-center wp-embed-aspect-16-9 wp-has-aspect-ratio\"><strong>Appic&rsquo;ure <\/strong><br>compl\u00e9ment alimentaire, r\u00e9pulsif<\/p>\n<\/div>\n<\/div>\n\n\n\n<div class=\"wp-block-columns are-vertically-aligned-bottom is-layout-flex wp-container-core-columns-is-layout-9d6595d7 wp-block-columns-is-layout-flex\">\n<div class=\"wp-block-column is-vertically-aligned-bottom actualite-card is-layout-flow wp-block-column-is-layout-flow\">\n<figure class=\"wp-block-embed is-type-video is-provider-youtube wp-block-embed-youtube wp-embed-aspect-16-9 wp-has-aspect-ratio\"><div class=\"wp-block-embed__wrapper\">\n<div class=\"nv-iframe-embed\"><iframe loading=\"lazy\" title=\"NUTRIWORMS\u00ae   Aliment pour oiseaux et palmip\u00e8des I Insect Heroes\" width=\"1200\" height=\"675\" src=\"https:\/\/www.youtube.com\/embed\/pkPmmObAQkQ?feature=oembed\" frameborder=\"0\" allow=\"accelerometer; autoplay; clipboard-write; encrypted-media; gyroscope; picture-in-picture; web-share\" referrerpolicy=\"strict-origin-when-cross-origin\" allowfullscreen><\/iframe><\/div>\n<\/div><\/figure>\n\n\n\n<div style=\"height:5px\" aria-hidden=\"true\" class=\"wp-block-spacer\"><\/div>\n\n\n\n<p class=\"has-text-align-center\"><strong>Larves s\u00e9ch\u00e9es<br><\/strong> friandises \u00e0 volont\u00e9<\/p>\n<\/div>\n\n\n\n<div class=\"wp-block-column is-vertically-aligned-bottom actualite-card is-layout-flow wp-block-column-is-layout-flow\">\n<figure class=\"wp-block-embed is-type-video is-provider-youtube wp-block-embed-youtube wp-embed-aspect-16-9 wp-has-aspect-ratio\"><div class=\"wp-block-embed__wrapper\">\n<div class=\"nv-iframe-embed\"><iframe loading=\"lazy\" title=\"Tutoriel Solution naturelle contre les mouches APPIBUSTER\u00ae Garden pour la maison I Insect Heroes\" width=\"1200\" height=\"675\" src=\"https:\/\/www.youtube.com\/embed\/_ywZ6dkUydY?feature=oembed\" frameborder=\"0\" allow=\"accelerometer; autoplay; clipboard-write; encrypted-media; gyroscope; picture-in-picture; web-share\" referrerpolicy=\"strict-origin-when-cross-origin\" allowfullscreen><\/iframe><\/div>\n<\/div><\/figure>\n\n\n\n<div style=\"height:5px\" aria-hidden=\"true\" class=\"wp-block-spacer wp-embed-aspect-16-9 wp-has-aspect-ratio\"><\/div>\n\n\n\n<p class=\"has-text-align-center wp-embed-aspect-16-9 wp-has-aspect-ratio\"><strong>Lutte contre les mouches<br><\/strong>suite \u00e0 l\u2019installation de poules dans son jardin&nbsp;<\/p>\n<\/div>\n<\/div>\n<\/div>\n<\/div>\n\n\n\n<div class=\"wp-block-columns is-layout-flex wp-container-core-columns-is-layout-9d6595d7 wp-block-columns-is-layout-flex\">\n<div class=\"wp-block-column is-layout-flow wp-block-column-is-layout-flow\">\n<h2 class=\"wp-block-heading has-nv-c-2-color has-text-color has-link-color has-x-large-font-size wp-elements-ffa76afefa204da7ea299bea8b354168\">Cizeon bio<\/h2>\n\n\n\n<p><strong>Cizeron Bio<\/strong>, fabricant fran\u00e7ais d&rsquo;alimentation animale biologique pour l&rsquo;\u00e9levage depuis 1973, implant\u00e9 en Auvergne-Rh\u00f4ne-Alpes.<\/p>\n\n\n\n<h3 class=\"wp-block-heading has-neve-link-color-color has-text-color has-link-color wp-elements-4ed27cfe0064a2c0d672e90ba3dc409a\">Quelques articles de la boutique<\/h3>\n\n\n\n<div class=\"wp-block-columns is-layout-flex wp-container-core-columns-is-layout-9d6595d7 wp-block-columns-is-layout-flex\">\n<div class=\"wp-block-column is-vertically-aligned-top actualite-card is-layout-flow wp-block-column-is-layout-flow\" style=\"border-radius:10px\"><div class=\"wp-block-image\">\n<figure class=\"aligncenter size-full\"><a href=\"https:\/\/www.cizeron-bio.fr\/\"><img loading=\"lazy\" decoding=\"async\" width=\"600\" height=\"244\" src=\"https:\/\/poulesoieclubdefrance.fr\/wp-content\/uploads\/2025\/10\/image-1.png\" alt=\"\" class=\"wp-image-1589\" srcset=\"https:\/\/poulesoieclubdefrance.fr\/wp-content\/uploads\/2025\/10\/image-1.png 600w, https:\/\/poulesoieclubdefrance.fr\/wp-content\/uploads\/2025\/10\/image-1-300x122.png 300w\" sizes=\"auto, (max-width: 600px) 100vw, 600px\" \/><\/a><\/figure>\n<\/div>\n\n\n<div style=\"height:30px\" aria-hidden=\"true\" class=\"wp-block-spacer\"><\/div>\n\n\n\n<p class=\"has-text-align-center wp-embed-aspect-16-9 wp-has-aspect-ratio\"><strong>Le site internet<\/strong><br>Cliquez sur l&rsquo;mage pour voir le site internet.<\/p>\n<\/div>\n<\/div>\n<\/div>\n<\/div>\n\n\n\n<div class=\"wp-block-columns is-layout-flex wp-container-core-columns-is-layout-9d6595d7 wp-block-columns-is-layout-flex\">\n<div class=\"wp-block-column is-layout-flow wp-block-column-is-layout-flow\">\n<h2 class=\"wp-block-heading has-nv-c-2-color has-text-color has-link-color has-x-large-font-size wp-elements-fee4a056376b11a270d25c0d6058db3c\">Huiles essentielles pour l&rsquo;aviculture<\/h2>\n\n\n\n<h3 class=\"wp-block-heading has-neve-link-color-color has-text-color has-link-color wp-elements-4ed27cfe0064a2c0d672e90ba3dc409a\">Quelques articles de la boutique<\/h3>\n\n\n\n<div class=\"wp-block-columns is-layout-flex wp-container-core-columns-is-layout-9d6595d7 wp-block-columns-is-layout-flex\">\n<div class=\"wp-block-column is-vertically-aligned-bottom actualite-card is-layout-flow wp-block-column-is-layout-flow\" style=\"border-radius:10px\"><div class=\"wp-block-image\">\n<figure class=\"aligncenter size-full is-resized\"><a href=\"https:\/\/produitnaturel.jimdofree.com\/\"><img loading=\"lazy\" decoding=\"async\" width=\"300\" height=\"318\" src=\"https:\/\/poulesoieclubdefrance.fr\/wp-content\/uploads\/2025\/10\/image-e1759840612772.png\" alt=\"\" class=\"wp-image-1530\" style=\"width:auto;height:300px\" srcset=\"https:\/\/poulesoieclubdefrance.fr\/wp-content\/uploads\/2025\/10\/image-e1759840612772.png 300w, https:\/\/poulesoieclubdefrance.fr\/wp-content\/uploads\/2025\/10\/image-e1759840612772-283x300.png 283w\" sizes=\"auto, (max-width: 300px) 100vw, 300px\" \/><\/a><\/figure>\n<\/div>\n\n\n<div style=\"height:30px\" aria-hidden=\"true\" class=\"wp-block-spacer\"><\/div>\n\n\n\n<p class=\"has-text-align-center wp-embed-aspect-16-9 wp-has-aspect-ratio\"><strong>Liste des produits<\/strong><br>Huiles essentielles pr\u00eates \u00e0 l&#8217;emploi.<\/p>\n<\/div>\n\n\n\n<div class=\"wp-block-column is-vertically-aligned-top actualite-card is-layout-flow wp-block-column-is-layout-flow\" style=\"border-radius:10px\"><div class=\"wp-block-image\">\n<figure class=\"aligncenter size-full is-resized\"><a href=\"https:\/\/produitnaturel.jimdofree.com\/\"><img loading=\"lazy\" decoding=\"async\" width=\"974\" height=\"689\" src=\"https:\/\/poulesoieclubdefrance.fr\/wp-content\/uploads\/2025\/10\/Capture-decran-du-2025-10-07-14-34-38.png\" alt=\"\" class=\"wp-image-1537\" style=\"width:auto;height:300px\" srcset=\"https:\/\/poulesoieclubdefrance.fr\/wp-content\/uploads\/2025\/10\/Capture-decran-du-2025-10-07-14-34-38.png 974w, https:\/\/poulesoieclubdefrance.fr\/wp-content\/uploads\/2025\/10\/Capture-decran-du-2025-10-07-14-34-38-300x212.png 300w, https:\/\/poulesoieclubdefrance.fr\/wp-content\/uploads\/2025\/10\/Capture-decran-du-2025-10-07-14-34-38-768x543.png 768w\" sizes=\"auto, (max-width: 974px) 100vw, 974px\" \/><\/a><\/figure>\n<\/div>\n\n\n<div style=\"height:30px\" aria-hidden=\"true\" class=\"wp-block-spacer\"><\/div>\n\n\n\n<p class=\"has-text-align-center wp-embed-aspect-16-9 wp-has-aspect-ratio\"><strong>Le site internet<\/strong><br>Cliquez sur l&rsquo;mage pour voir le site internet.<\/p>\n<\/div>\n<\/div>\n<\/div>\n<\/div>\n","protected":false},"excerpt":{"rendered":"<p>Nos sponsors Insect heroes C&rsquo;est une boutique sp\u00e9cialis\u00e9e dans la vente de produits de lutte biologique contre les nuisibles des plantes et des animaux. Insect Heroes commercialise des insectes auxiliaires&hellip;&nbsp;<a href=\"https:\/\/poulesoieclubdefrance.fr\/index.php\/nos-sponsors\/\" rel=\"bookmark\"><span class=\"screen-reader-text\">Nos sponsors<\/span><\/a><\/p>\n","protected":false},"author":3,"featured_media":0,"parent":0,"menu_order":0,"comment_status":"closed","ping_status":"closed","template":"","meta":{"neve_meta_sidebar":"","neve_meta_container":"","neve_meta_enable_content_width":"","neve_meta_content_width":0,"neve_meta_title_alignment":"","neve_meta_author_avatar":"","neve_post_elements_order":"","neve_meta_disable_header":"off","neve_meta_disable_footer":"","neve_meta_disable_title":"on","footnotes":""},"class_list":["post-1274","page","type-page","status-publish","hentry"],"_links":{"self":[{"href":"https:\/\/poulesoieclubdefrance.fr\/index.php\/wp-json\/wp\/v2\/pages\/1274","targetHints":{"allow":["GET"]}}],"collection":[{"href":"https:\/\/poulesoieclubdefrance.fr\/index.php\/wp-json\/wp\/v2\/pages"}],"about":[{"href":"https:\/\/poulesoieclubdefrance.fr\/index.php\/wp-json\/wp\/v2\/types\/page"}],"author":[{"embeddable":true,"href":"https:\/\/poulesoieclubdefrance.fr\/index.php\/wp-json\/wp\/v2\/users\/3"}],"replies":[{"embeddable":true,"href":"https:\/\/poulesoieclubdefrance.fr\/index.php\/wp-json\/wp\/v2\/comments?post=1274"}],"version-history":[{"count":22,"href":"https:\/\/poulesoieclubdefrance.fr\/index.php\/wp-json\/wp\/v2\/pages\/1274\/revisions"}],"predecessor-version":[{"id":1590,"href":"https:\/\/poulesoieclubdefrance.fr\/index.php\/wp-json\/wp\/v2\/pages\/1274\/revisions\/1590"}],"wp:attachment":[{"href":"https:\/\/poulesoieclubdefrance.fr\/index.php\/wp-json\/wp\/v2\/media?parent=1274"}],"curies":[{"name":"wp","href":"https:\/\/api.w.org\/{rel}","templated":true}]}}